{"id":2366,"date":"2022-09-08T06:55:24","date_gmt":"2022-09-08T06:55:24","guid":{"rendered":"https:\/\/we4impact.com\/?page_id=2366"},"modified":"2023-11-19T14:30:46","modified_gmt":"2023-11-19T14:30:46","slug":"karriere","status":"publish","type":"page","link":"https:\/\/we4impact.com\/de\/karriere\/","title":{"rendered":"Karriere"},"content":{"rendered":"<p><div class=\"fusion-fullwidth fullwidth-box fusion-builder-row-1 fusion-flex-container has-pattern-background has-mask-background nonhundred-percent-fullwidth non-hundred-percent-height-scrolling\" style=\"--awb-border-radius-top-left:0px;--awb-border-radius-top-right:0px;--awb-border-radius-bottom-right:0px;--awb-border-radius-bottom-left:0px;--awb-flex-wrap:wrap;\" ><div class=\"fusion-builder-row fusion-row fusion-flex-align-items-flex-start fusion-flex-content-wrap\" style=\"max-width:1216.8px;margin-left: calc(-4% \/ 2 );margin-right: calc(-4% \/ 2 );\"><div class=\"fusion-layout-column fusion_builder_column fusion-builder-column-0 fusion_builder_column_1_1 1_1 fusion-flex-column\" style=\"--awb-bg-size:cover;--awb-width-large:100%;--awb-margin-top-large:60px;--awb-spacing-right-large:1.92%;--awb-margin-bottom-large:20px;--awb-spacing-left-large:1.92%;--awb-width-medium:100%;--awb-order-medium:0;--awb-spacing-right-medium:1.92%;--awb-spacing-left-medium:1.92%;--awb-width-small:100%;--awb-order-small:0;--awb-spacing-right-small:1.92%;--awb-spacing-left-small:1.92%;\"><div class=\"fusion-column-wrapper fusion-column-has-shadow fusion-flex-justify-content-flex-start fusion-content-layout-column\"><div class=\"fusion-title title fusion-title-1 fusion-sep-none fusion-title-text fusion-title-size-two\" style=\"--awb-margin-top-small:0px;--awb-margin-bottom-small:20px;\"><h2 class=\"fusion-title-heading title-heading-left fusion-responsive-typography-calculated\" style=\"margin:0;--fontSize:40;line-height:1.25;\">Werkstudent \/ Werkstudentin (m\/w\/d) in Teilzeit<\/h2><\/div><div class=\"fusion-separator\" style=\"align-self: flex-start;margin-right:auto;margin-top:0px;margin-bottom:40px;width:100%;max-width:150px;\"><div class=\"fusion-separator-border sep-single sep-solid\" style=\"--awb-height:20px;--awb-amount:20px;--awb-sep-color:#ff6900;border-color:#ff6900;border-top-width:4px;\"><\/div><\/div><\/div><\/div><div class=\"fusion-layout-column fusion_builder_column fusion-builder-column-1 fusion_builder_column_1_1 1_1 fusion-flex-column\" style=\"--awb-bg-size:cover;--awb-width-large:100%;--awb-margin-top-large:0px;--awb-spacing-right-large:1.92%;--awb-margin-bottom-large:20px;--awb-spacing-left-large:1.92%;--awb-width-medium:100%;--awb-order-medium:0;--awb-spacing-right-medium:1.92%;--awb-spacing-left-medium:1.92%;--awb-width-small:100%;--awb-order-small:0;--awb-spacing-right-small:1.92%;--awb-spacing-left-small:1.92%;\"><div class=\"fusion-column-wrapper fusion-column-has-shadow fusion-flex-justify-content-flex-start fusion-content-layout-column\"><div class=\"fusion-text fusion-text-1\"><div class=\"panel-pane pane-entity-field pane-node-field-daev-job-additional-text\">\n<div class=\"field field--name-field-daev-job-additional-text field--type-text-with-summary field--label-hidden\">\n<div class=\"field__items\">\n<div class=\"field__item even\">\n<p>Die we4 Impact GmbH (<a href=\"http:\/\/www.we4impact.com\">www.we4impact.com<\/a>) ist ein international t\u00e4tiges <strong>Beratungsunternehmen f\u00fcr die Kranken- und Lebensversicherungswirtschaft<\/strong>. Wir n\u00fctzen unsere einzigartige Kombination aus medizinischem und \u00f6konomischem Fachwissen, um Arbeitsprozesse und Organisationsstrukturen gemeinsam mit unseren Kunden neu und digital zu denken und so f\u00fcr Versicherungsunternehmen und Versicherte das Leben leichter und sicherer zu machen.<\/p>\n<p>Wir bieten eine Stelle als <strong>Werkstudent \/ Werkstudentin<\/strong> (m\/w\/d) in Teilzeit mit 10-12 Wochenstunden in einem internationalen und inhaltlich spannenden Umfeld bei einer Verg\u00fctung ab 18\u20ac\/Stunde. Wir bieten Dir die M\u00f6glichkeit, Dich in unserem Unternehmen f\u00fcr mindestens 12 bis 24 Monate inhaltlich und pers\u00f6nlich weiterzuentwickeln.<\/p>\n<p>Erg\u00e4nzend (und optional) ist auch der Start mit einem drei- bis sechsmonatigen bezahlten Praktikum in Vollzeit m\u00f6glich, um eine z\u00fcgige und umfassende Einarbeitung zu erm\u00f6glichen.<\/p>\n<p>Eine <strong>flexible und digitale Arbeitsweise<\/strong> sind Kernbestandteil unserer Unternehmenskultur. Wir arbeiten \u201ehybrid\u201c und mit individuellen L\u00f6sungen an unserem Standort in M\u00fcnchen \/ Zentrum, bei unseren Kunden und im Homeoffice. Die technische Ausstattung wird von uns gestellt.<\/p>\n<p><strong>Dein Profil: <\/strong><\/p>\n<ul>\n<li>Student \/ Studentin (m\/w\/d) im Bachelor (ab 3. Fachsemester) oder im Master mit betriebswirtschaftlichem, \u00f6konomischem oder informationstechnischem Hintergrund<\/li>\n<li>Gute Kenntnisse beim Umgang mit Microsoft Office, insb. PowerPoint und Excel<\/li>\n<li>Sehr gute Deutsch- und Englischkenntnisse<\/li>\n<li>Eigenst\u00e4ndige Arbeitsweise und gute analytische F\u00e4higkeiten<\/li>\n<li>Offenheit und Interesse, sich in ein breites Spektrum an neuen Themen einzuarbeiten und sich hierin best\u00e4ndig weiterzuentwickeln<\/li>\n<\/ul>\n<p><strong>Deine Aufgaben:<\/strong><\/p>\n<ul>\n<li>Unterst\u00fctzung bei der Vorbereitung, Umsetzung und Nachbereitung von Beratungsprojekten f\u00fcr gro\u00dfe, internationale und nationale Erstversicherer<\/li>\n<li>Inhaltliche und fachliche Begleitung von Beratungsprojekten f\u00fcr gro\u00dfe, internationale und nationale Erstversicherer (auch beim Kunden vor Ort)<\/li>\n<li>Unterst\u00fctzung bei der Administration und Vorbereitung von Schulungsangeboten<\/li>\n<li>Unterst\u00fctzung bei der Erstellung von Marketingkampagnen und -materialien<\/li>\n<\/ul>\n<p>Die Expertise und interpersonelle Kompetenz unserer Mitarbeiter:Innen sind f\u00fcr uns als spezialisiertes Beratungsunternehmen existenziell wichtig. Darum ist neben einer strukturierten Einarbeitung die <strong>kontinuierliche F\u00f6rderung Deiner pers\u00f6nlichen und fachlichen Weiterentwicklung<\/strong> selbstverst\u00e4ndlich.<\/p>\n<p>In unserem international schnell wachsenden Beratungsunternehmen hast Du die M\u00f6glichkeit, Freir\u00e4ume zu nutzen, Ideen umzusetzen und die weitere Entwicklung des Unternehmens aktiv mitzugestalten. <strong>Eigenverantwortung und Zusammenarbeit auf Augenh\u00f6he<\/strong> sind f\u00fcr uns Kernwerte.<\/p>\n<p>Wir freuen uns auf Deine elektronischen Bewerbungsunterlagen an <a href=\"mailto:contact@we4impact.com\">contact@we4impact.com<\/a>.<\/p>\n<p>Kontaktiere gerne Dr. Karsten Filzmaier (+49 173 6273946) und Dr. Laila Neuthor (+49 173 6273926) f\u00fcr weitere Informationen.<\/p>\n<\/div>\n<\/div>\n<\/div>\n<\/div>\n<\/div><\/div><\/div><\/div><\/div><\/p>\n","protected":false},"excerpt":{"rendered":"","protected":false},"author":1,"featured_media":0,"parent":0,"menu_order":0,"comment_status":"closed","ping_status":"closed","template":"","meta":{"footnotes":""},"class_list":["post-2366","page","type-page","status-publish","hentry"],"yoast_head":"<!-- This site is optimized with the Yoast SEO plugin v27.5 - https:\/\/yoast.com\/product\/yoast-seo-wordpress\/ -->\n<title>we4 Impact &#8226; Karriere<\/title>\n<meta name=\"description\" content=\"Combining medical expertise with business proficiency and long-standing life insurance industry know-how, we4 Impact supports you with operational services, training and consulting.\" \/>\n<meta name=\"robots\" content=\"index, follow, max-snippet:-1, max-image-preview:large, max-video-preview:-1\" \/>\n<link rel=\"canonical\" href=\"https:\/\/we4impact.com\/de\/karriere\/\" \/>\n<meta property=\"og:locale\" content=\"de_DE\" \/>\n<meta property=\"og:type\" content=\"article\" \/>\n<meta property=\"og:title\" content=\"we4 Impact &#8226; Karriere\" \/>\n<meta property=\"og:description\" content=\"Combining medical expertise with business proficiency and long-standing life insurance industry know-how, we4 Impact supports you with operational services, training and consulting.\" \/>\n<meta property=\"og:url\" content=\"https:\/\/we4impact.com\/de\/karriere\/\" \/>\n<meta property=\"og:site_name\" content=\"we4 Impact\" \/>\n<meta property=\"article:modified_time\" content=\"2023-11-19T14:30:46+00:00\" \/>\n<meta name=\"twitter:card\" content=\"summary_large_image\" \/>\n<meta name=\"twitter:label1\" content=\"Gesch\u00e4tzte Lesezeit\" \/>\n\t<meta name=\"twitter:data1\" content=\"8\u00a0Minuten\" \/>\n<script type=\"application\/ld+json\" class=\"yoast-schema-graph\">{\"@context\":\"https:\\\/\\\/schema.org\",\"@graph\":[{\"@type\":\"WebPage\",\"@id\":\"https:\\\/\\\/we4impact.com\\\/de\\\/karriere\\\/\",\"url\":\"https:\\\/\\\/we4impact.com\\\/de\\\/karriere\\\/\",\"name\":\"we4 Impact &#8226; Karriere\",\"isPartOf\":{\"@id\":\"https:\\\/\\\/we4impact.com\\\/#website\"},\"datePublished\":\"2022-09-08T06:55:24+00:00\",\"dateModified\":\"2023-11-19T14:30:46+00:00\",\"description\":\"Combining medical expertise with business proficiency and long-standing life insurance industry know-how, we4 Impact supports you with operational services, training and consulting.\",\"breadcrumb\":{\"@id\":\"https:\\\/\\\/we4impact.com\\\/de\\\/karriere\\\/#breadcrumb\"},\"inLanguage\":\"de\",\"potentialAction\":[{\"@type\":\"ReadAction\",\"target\":[\"https:\\\/\\\/we4impact.com\\\/de\\\/karriere\\\/\"]}]},{\"@type\":\"BreadcrumbList\",\"@id\":\"https:\\\/\\\/we4impact.com\\\/de\\\/karriere\\\/#breadcrumb\",\"itemListElement\":[{\"@type\":\"ListItem\",\"position\":1,\"name\":\"Startseite\",\"item\":\"https:\\\/\\\/we4impact.com\\\/de\\\/\"},{\"@type\":\"ListItem\",\"position\":2,\"name\":\"Karriere\"}]},{\"@type\":\"WebSite\",\"@id\":\"https:\\\/\\\/we4impact.com\\\/#website\",\"url\":\"https:\\\/\\\/we4impact.com\\\/\",\"name\":\"we4 Impact\",\"description\":\"Your Partner in Transforming Life Underwriting.\",\"publisher\":{\"@id\":\"https:\\\/\\\/we4impact.com\\\/#organization\"},\"potentialAction\":[{\"@type\":\"SearchAction\",\"target\":{\"@type\":\"EntryPoint\",\"urlTemplate\":\"https:\\\/\\\/we4impact.com\\\/?s={search_term_string}\"},\"query-input\":{\"@type\":\"PropertyValueSpecification\",\"valueRequired\":true,\"valueName\":\"search_term_string\"}}],\"inLanguage\":\"de\"},{\"@type\":\"Organization\",\"@id\":\"https:\\\/\\\/we4impact.com\\\/#organization\",\"name\":\"we4impact\",\"url\":\"https:\\\/\\\/we4impact.com\\\/\",\"logo\":{\"@type\":\"ImageObject\",\"inLanguage\":\"de\",\"@id\":\"https:\\\/\\\/we4impact.com\\\/#\\\/schema\\\/logo\\\/image\\\/\",\"url\":\"https:\\\/\\\/we4impact.com\\\/wp-content\\\/uploads\\\/2019\\\/03\\\/we4_400x400_orange-1.png\",\"contentUrl\":\"https:\\\/\\\/we4impact.com\\\/wp-content\\\/uploads\\\/2019\\\/03\\\/we4_400x400_orange-1.png\",\"width\":150,\"height\":150,\"caption\":\"we4impact\"},\"image\":{\"@id\":\"https:\\\/\\\/we4impact.com\\\/#\\\/schema\\\/logo\\\/image\\\/\"},\"sameAs\":[\"https:\\\/\\\/www.linkedin.com\\\/company\\\/we4-impact\\\/\"]}]}<\/script>\n<!-- \/ Yoast SEO plugin. -->","yoast_head_json":{"title":"we4 Impact &#8226; Karriere","description":"Combining medical expertise with business proficiency and long-standing life insurance industry know-how, we4 Impact supports you with operational services, training and consulting.","robots":{"index":"index","follow":"follow","max-snippet":"max-snippet:-1","max-image-preview":"max-image-preview:large","max-video-preview":"max-video-preview:-1"},"canonical":"https:\/\/we4impact.com\/de\/karriere\/","og_locale":"de_DE","og_type":"article","og_title":"we4 Impact &#8226; Karriere","og_description":"Combining medical expertise with business proficiency and long-standing life insurance industry know-how, we4 Impact supports you with operational services, training and consulting.","og_url":"https:\/\/we4impact.com\/de\/karriere\/","og_site_name":"we4 Impact","article_modified_time":"2023-11-19T14:30:46+00:00","twitter_card":"summary_large_image","twitter_misc":{"Gesch\u00e4tzte Lesezeit":"8\u00a0Minuten"},"schema":{"@context":"https:\/\/schema.org","@graph":[{"@type":"WebPage","@id":"https:\/\/we4impact.com\/de\/karriere\/","url":"https:\/\/we4impact.com\/de\/karriere\/","name":"we4 Impact &#8226; Karriere","isPartOf":{"@id":"https:\/\/we4impact.com\/#website"},"datePublished":"2022-09-08T06:55:24+00:00","dateModified":"2023-11-19T14:30:46+00:00","description":"Combining medical expertise with business proficiency and long-standing life insurance industry know-how, we4 Impact supports you with operational services, training and consulting.","breadcrumb":{"@id":"https:\/\/we4impact.com\/de\/karriere\/#breadcrumb"},"inLanguage":"de","potentialAction":[{"@type":"ReadAction","target":["https:\/\/we4impact.com\/de\/karriere\/"]}]},{"@type":"BreadcrumbList","@id":"https:\/\/we4impact.com\/de\/karriere\/#breadcrumb","itemListElement":[{"@type":"ListItem","position":1,"name":"Startseite","item":"https:\/\/we4impact.com\/de\/"},{"@type":"ListItem","position":2,"name":"Karriere"}]},{"@type":"WebSite","@id":"https:\/\/we4impact.com\/#website","url":"https:\/\/we4impact.com\/","name":"we4 Impact","description":"Your Partner in Transforming Life Underwriting.","publisher":{"@id":"https:\/\/we4impact.com\/#organization"},"potentialAction":[{"@type":"SearchAction","target":{"@type":"EntryPoint","urlTemplate":"https:\/\/we4impact.com\/?s={search_term_string}"},"query-input":{"@type":"PropertyValueSpecification","valueRequired":true,"valueName":"search_term_string"}}],"inLanguage":"de"},{"@type":"Organization","@id":"https:\/\/we4impact.com\/#organization","name":"we4impact","url":"https:\/\/we4impact.com\/","logo":{"@type":"ImageObject","inLanguage":"de","@id":"https:\/\/we4impact.com\/#\/schema\/logo\/image\/","url":"https:\/\/we4impact.com\/wp-content\/uploads\/2019\/03\/we4_400x400_orange-1.png","contentUrl":"https:\/\/we4impact.com\/wp-content\/uploads\/2019\/03\/we4_400x400_orange-1.png","width":150,"height":150,"caption":"we4impact"},"image":{"@id":"https:\/\/we4impact.com\/#\/schema\/logo\/image\/"},"sameAs":["https:\/\/www.linkedin.com\/company\/we4-impact\/"]}]}},"_links":{"self":[{"href":"https:\/\/we4impact.com\/de\/wp-json\/wp\/v2\/pages\/2366","targetHints":{"allow":["GET"]}}],"collection":[{"href":"https:\/\/we4impact.com\/de\/wp-json\/wp\/v2\/pages"}],"about":[{"href":"https:\/\/we4impact.com\/de\/wp-json\/wp\/v2\/types\/page"}],"author":[{"embeddable":true,"href":"https:\/\/we4impact.com\/de\/wp-json\/wp\/v2\/users\/1"}],"replies":[{"embeddable":true,"href":"https:\/\/we4impact.com\/de\/wp-json\/wp\/v2\/comments?post=2366"}],"version-history":[{"count":6,"href":"https:\/\/we4impact.com\/de\/wp-json\/wp\/v2\/pages\/2366\/revisions"}],"predecessor-version":[{"id":2451,"href":"https:\/\/we4impact.com\/de\/wp-json\/wp\/v2\/pages\/2366\/revisions\/2451"}],"wp:attachment":[{"href":"https:\/\/we4impact.com\/de\/wp-json\/wp\/v2\/media?parent=2366"}],"curies":[{"name":"wp","href":"https:\/\/api.w.org\/{rel}","templated":true}]}}