{"id":2023,"date":"2022-06-08T05:35:40","date_gmt":"2022-06-08T05:35:40","guid":{"rendered":"https:\/\/we4impact.com\/kontakt\/"},"modified":"2022-08-13T15:09:10","modified_gmt":"2022-08-13T15:09:10","slug":"kontakt","status":"publish","type":"page","link":"https:\/\/we4impact.com\/de\/kontakt\/","title":{"rendered":"Kontakt"},"content":{"rendered":"<p><div class=\"fusion-bg-parallax\" data-bg-align=\"center bottom\" data-direction=\"up\" data-mute=\"false\" data-opacity=\"100\" data-velocity=\"-0.3\" data-mobile-enabled=\"false\" data-break_parents=\"0\" data-bg-image=\"https:\/\/we4impact.com\/wp-content\/uploads\/2015\/02\/we4_Impact_Hintergrund_Berg_Hell.jpg\" data-bg-repeat=\"false\" ><\/div><div class=\"fusion-fullwidth fullwidth-box fusion-builder-row-1 has-pattern-background has-mask-background fusion-parallax-up nonhundred-percent-fullwidth non-hundred-percent-height-scrolling\" style=\"--awb-background-position:center bottom;--awb-border-sizes-top:0px;--awb-border-sizes-bottom:0px;--awb-border-sizes-left:0px;--awb-border-sizes-right:0px;--awb-border-radius-top-left:0px;--awb-border-radius-top-right:0px;--awb-border-radius-bottom-right:0px;--awb-border-radius-bottom-left:0px;--awb-padding-top:180px;--awb-padding-bottom:150px;--awb-background-image:url(&quot;https:\/\/we4impact.com\/wp-content\/uploads\/2015\/02\/we4_Impact_Hintergrund_Berg_Hell.jpg&quot;);--awb-background-size:cover;--awb-flex-wrap:wrap;\" ><div class=\"fusion-builder-row fusion-row\"><div class=\"fusion-layout-column fusion_builder_column fusion-builder-column-0 fusion_builder_column_2_3 2_3 fusion-two-third fusion-column-first\" style=\"--awb-padding-bottom:30px;--awb-bg-size:cover;width:65.3333%; margin-right: 4%;\"><div class=\"fusion-column-wrapper fusion-flex-column-wrapper-legacy\"><div class=\"fusion-text fusion-text-1\"><h2><span style=\"color: #ffffff;\">Kontakt<\/span><\/h2>\n<\/div><div class=\"fusion-clearfix\"><\/div><\/div><\/div><\/div><\/div><div class=\"fusion-fullwidth fullwidth-box fusion-builder-row-2 nonhundred-percent-fullwidth non-hundred-percent-height-scrolling\" style=\"--awb-border-radius-top-left:0px;--awb-border-radius-top-right:0px;--awb-border-radius-bottom-right:0px;--awb-border-radius-bottom-left:0px;--awb-padding-top:80px;--awb-padding-bottom:130px;--awb-flex-wrap:wrap;\" ><div class=\"fusion-builder-row fusion-row\"><div class=\"fusion-layout-column fusion_builder_column fusion-builder-column-1 fusion_builder_column_1_1 1_1 fusion-one-full fusion-column-first fusion-column-last\" style=\"--awb-bg-size:cover;\"><div class=\"fusion-column-wrapper fusion-flex-column-wrapper-legacy\"><div class=\"fusion-title title fusion-title-1 fusion-sep-none fusion-title-text fusion-title-size-two\" style=\"--awb-margin-top-small:0px;--awb-margin-bottom-small:20px;\"><h2 class=\"fusion-title-heading title-heading-left fusion-responsive-typography-calculated\" style=\"margin:0;--fontSize:40;line-height:1.25;\">Kontaktieren Sie uns<\/h2><\/div><div class=\"fusion-sep-clear\"><\/div><div class=\"fusion-separator fusion-clearfix\" style=\"float:left;margin-top:0px;margin-bottom:40px;width:100%;max-width:150px;\"><div class=\"fusion-separator-border sep-single sep-solid\" style=\"--awb-height:20px;--awb-amount:20px;--awb-sep-color:#ff6900;border-color:#ff6900;border-top-width:4px;\"><\/div><\/div><div class=\"fusion-sep-clear\"><\/div><div class=\"fusion-text fusion-text-2\"><p>Wir sind gerne bereit, Ihnen weitere Informationen zu geben, Ihre Fragen zu beantworten und effektive L\u00f6sungen f\u00fcr Ihre Bed\u00fcrfnisse zu entwickeln.<\/p>\n<p>Wir freuen uns darauf, von Ihnen zu h\u00f6ren!<\/p>\n<\/div><div class=\"fusion-clearfix\"><\/div><\/div><\/div><div class=\"fusion-layout-column fusion_builder_column fusion-builder-column-2 fusion_builder_column_1_1 1_1 fusion-one-full fusion-column-first fusion-column-last\" style=\"--awb-bg-size:cover;\"><div class=\"fusion-column-wrapper fusion-flex-column-wrapper-legacy\"><div class=\"fusion-alignleft\"><a class=\"fusion-button button-flat button-medium button-custom fusion-button-default button-1 fusion-button-default-span fusion-button-default-type fusion-has-button-gradient\" style=\"--button_accent_color:rgba(0,0,0,0.75);--button_border_color:rgba(0,0,0,0.75);--button_accent_hover_color:#ff6900;--button_border_hover_color:#ff6900;--button-border-radius-top-left:0;--button-border-radius-top-right:0;--button-border-radius-bottom-right:0;--button-border-radius-bottom-left:0;--button_gradient_top_color:rgba(35,35,35,0);--button_gradient_bottom_color:rgba(35,35,35,0);--button_gradient_top_color_hover:#ffffff;--button_gradient_bottom_color_hover:rgba(255,255,255,0.035);\" target=\"_self\" href=\"mailto:contact@we4impact.com\"><i class=\"fa-envelope fas awb-button__icon awb-button__icon--default button-icon-left\" aria-hidden=\"true\"><\/i><span class=\"fusion-button-text awb-button__text awb-button__text--default\">Schreiben Sie uns<\/span><\/a><\/div><div class=\"fusion-alignleft\"><a class=\"fusion-button button-flat button-medium button-custom fusion-button-default button-2 fusion-button-default-span fusion-button-default-type\" style=\"--button_accent_color:rgba(0,0,0,0.75);--button_border_color:rgba(0,0,0,0.75);--button_accent_hover_color:#ff6900;--button_border_hover_color:#ff6900;--button-border-radius-top-left:0;--button-border-radius-top-right:0;--button-border-radius-bottom-right:0;--button-border-radius-bottom-left:0;--button_gradient_top_color:rgba(35,35,35,0);--button_gradient_bottom_color:rgba(35,35,35,0);--button_gradient_top_color_hover:rgba(255,255,255,0.035);--button_gradient_bottom_color_hover:rgba(255,255,255,0.035);\" target=\"_self\" href=\"tel:+49 173 6273926\"><i class=\"fa-phone fas awb-button__icon awb-button__icon--default button-icon-left\" aria-hidden=\"true\"><\/i><span class=\"fusion-button-text awb-button__text awb-button__text--default\">Rufen Sie uns an<\/span><\/a><\/div><div class=\"fusion-clearfix\"><\/div><\/div><\/div><div class=\"fusion-layout-column fusion_builder_column fusion-builder-column-3 fusion_builder_column_1_1 1_1 fusion-one-full fusion-column-first fusion-column-last\" style=\"--awb-padding-top:20px;--awb-bg-size:cover;\"><div class=\"fusion-column-wrapper fusion-flex-column-wrapper-legacy\"><div class=\"fusion-text fusion-text-3\"><p>E-Mail: <a href=\"mailto:contact@we4impact.com\">contact@we4impact.com<\/a><\/p>\n<p>Telefon: <a href=\"tel:0049 173 6273926\">+49 173 6273926<\/a><\/p>\n<\/div><div class=\"fusion-clearfix\"><\/div><\/div><\/div><\/div><\/div><\/p>\n","protected":false},"excerpt":{"rendered":"","protected":false},"author":1,"featured_media":0,"parent":0,"menu_order":0,"comment_status":"closed","ping_status":"open","template":"100-width.php","meta":{"footnotes":""},"class_list":["post-2023","page","type-page","status-publish","hentry"],"yoast_head":"<!-- This site is optimized with the Yoast SEO plugin v27.3 - https:\/\/yoast.com\/product\/yoast-seo-wordpress\/ -->\n<title>we4 Impact &#8226; Kontakt<\/title>\n<meta name=\"description\" content=\"Combining medical expertise with business proficiency and long-standing life insurance industry know-how, we4 Impact supports you with operational services, training and consulting.\" \/>\n<meta name=\"robots\" content=\"index, follow, max-snippet:-1, max-image-preview:large, max-video-preview:-1\" \/>\n<link rel=\"canonical\" href=\"https:\/\/we4impact.com\/contact\/\" \/>\n<meta property=\"og:locale\" content=\"de_DE\" \/>\n<meta property=\"og:type\" content=\"article\" \/>\n<meta property=\"og:title\" content=\"we4 Impact &#8226; Kontakt\" \/>\n<meta property=\"og:description\" content=\"Combining medical expertise with business proficiency and long-standing life insurance industry know-how, we4 Impact supports you with operational services, training and consulting.\" \/>\n<meta property=\"og:url\" content=\"https:\/\/we4impact.com\/contact\/\" \/>\n<meta property=\"og:site_name\" content=\"we4 Impact\" \/>\n<meta property=\"article:modified_time\" content=\"2022-08-13T15:09:10+00:00\" \/>\n<meta name=\"twitter:card\" content=\"summary_large_image\" \/>\n<meta name=\"twitter:label1\" content=\"Gesch\u00e4tzte Lesezeit\" \/>\n\t<meta name=\"twitter:data1\" content=\"7\u00a0Minuten\" \/>\n<script type=\"application\/ld+json\" class=\"yoast-schema-graph\">{\"@context\":\"https:\\\/\\\/schema.org\",\"@graph\":[{\"@type\":\"WebPage\",\"@id\":\"https:\\\/\\\/we4impact.com\\\/contact\\\/\",\"url\":\"https:\\\/\\\/we4impact.com\\\/contact\\\/\",\"name\":\"we4 Impact &#8226; Kontakt\",\"isPartOf\":{\"@id\":\"https:\\\/\\\/we4impact.com\\\/#website\"},\"datePublished\":\"2022-06-08T05:35:40+00:00\",\"dateModified\":\"2022-08-13T15:09:10+00:00\",\"description\":\"Combining medical expertise with business proficiency and long-standing life insurance industry know-how, we4 Impact supports you with operational services, training and consulting.\",\"breadcrumb\":{\"@id\":\"https:\\\/\\\/we4impact.com\\\/contact\\\/#breadcrumb\"},\"inLanguage\":\"de\",\"potentialAction\":[{\"@type\":\"ReadAction\",\"target\":[\"https:\\\/\\\/we4impact.com\\\/contact\\\/\"]}]},{\"@type\":\"BreadcrumbList\",\"@id\":\"https:\\\/\\\/we4impact.com\\\/contact\\\/#breadcrumb\",\"itemListElement\":[{\"@type\":\"ListItem\",\"position\":1,\"name\":\"Startseite\",\"item\":\"https:\\\/\\\/we4impact.com\\\/de\\\/\"},{\"@type\":\"ListItem\",\"position\":2,\"name\":\"Kontakt\"}]},{\"@type\":\"WebSite\",\"@id\":\"https:\\\/\\\/we4impact.com\\\/#website\",\"url\":\"https:\\\/\\\/we4impact.com\\\/\",\"name\":\"we4 Impact\",\"description\":\"Your Partner in Transforming Life Underwriting.\",\"publisher\":{\"@id\":\"https:\\\/\\\/we4impact.com\\\/#organization\"},\"potentialAction\":[{\"@type\":\"SearchAction\",\"target\":{\"@type\":\"EntryPoint\",\"urlTemplate\":\"https:\\\/\\\/we4impact.com\\\/?s={search_term_string}\"},\"query-input\":{\"@type\":\"PropertyValueSpecification\",\"valueRequired\":true,\"valueName\":\"search_term_string\"}}],\"inLanguage\":\"de\"},{\"@type\":\"Organization\",\"@id\":\"https:\\\/\\\/we4impact.com\\\/#organization\",\"name\":\"we4impact\",\"url\":\"https:\\\/\\\/we4impact.com\\\/\",\"logo\":{\"@type\":\"ImageObject\",\"inLanguage\":\"de\",\"@id\":\"https:\\\/\\\/we4impact.com\\\/#\\\/schema\\\/logo\\\/image\\\/\",\"url\":\"https:\\\/\\\/we4impact.com\\\/wp-content\\\/uploads\\\/2019\\\/03\\\/we4_400x400_orange-1.png\",\"contentUrl\":\"https:\\\/\\\/we4impact.com\\\/wp-content\\\/uploads\\\/2019\\\/03\\\/we4_400x400_orange-1.png\",\"width\":150,\"height\":150,\"caption\":\"we4impact\"},\"image\":{\"@id\":\"https:\\\/\\\/we4impact.com\\\/#\\\/schema\\\/logo\\\/image\\\/\"},\"sameAs\":[\"https:\\\/\\\/www.linkedin.com\\\/company\\\/we4-impact\\\/\"]}]}<\/script>\n<!-- \/ Yoast SEO plugin. -->","yoast_head_json":{"title":"we4 Impact &#8226; Kontakt","description":"Combining medical expertise with business proficiency and long-standing life insurance industry know-how, we4 Impact supports you with operational services, training and consulting.","robots":{"index":"index","follow":"follow","max-snippet":"max-snippet:-1","max-image-preview":"max-image-preview:large","max-video-preview":"max-video-preview:-1"},"canonical":"https:\/\/we4impact.com\/contact\/","og_locale":"de_DE","og_type":"article","og_title":"we4 Impact &#8226; Kontakt","og_description":"Combining medical expertise with business proficiency and long-standing life insurance industry know-how, we4 Impact supports you with operational services, training and consulting.","og_url":"https:\/\/we4impact.com\/contact\/","og_site_name":"we4 Impact","article_modified_time":"2022-08-13T15:09:10+00:00","twitter_card":"summary_large_image","twitter_misc":{"Gesch\u00e4tzte Lesezeit":"7\u00a0Minuten"},"schema":{"@context":"https:\/\/schema.org","@graph":[{"@type":"WebPage","@id":"https:\/\/we4impact.com\/contact\/","url":"https:\/\/we4impact.com\/contact\/","name":"we4 Impact &#8226; Kontakt","isPartOf":{"@id":"https:\/\/we4impact.com\/#website"},"datePublished":"2022-06-08T05:35:40+00:00","dateModified":"2022-08-13T15:09:10+00:00","description":"Combining medical expertise with business proficiency and long-standing life insurance industry know-how, we4 Impact supports you with operational services, training and consulting.","breadcrumb":{"@id":"https:\/\/we4impact.com\/contact\/#breadcrumb"},"inLanguage":"de","potentialAction":[{"@type":"ReadAction","target":["https:\/\/we4impact.com\/contact\/"]}]},{"@type":"BreadcrumbList","@id":"https:\/\/we4impact.com\/contact\/#breadcrumb","itemListElement":[{"@type":"ListItem","position":1,"name":"Startseite","item":"https:\/\/we4impact.com\/de\/"},{"@type":"ListItem","position":2,"name":"Kontakt"}]},{"@type":"WebSite","@id":"https:\/\/we4impact.com\/#website","url":"https:\/\/we4impact.com\/","name":"we4 Impact","description":"Your Partner in Transforming Life Underwriting.","publisher":{"@id":"https:\/\/we4impact.com\/#organization"},"potentialAction":[{"@type":"SearchAction","target":{"@type":"EntryPoint","urlTemplate":"https:\/\/we4impact.com\/?s={search_term_string}"},"query-input":{"@type":"PropertyValueSpecification","valueRequired":true,"valueName":"search_term_string"}}],"inLanguage":"de"},{"@type":"Organization","@id":"https:\/\/we4impact.com\/#organization","name":"we4impact","url":"https:\/\/we4impact.com\/","logo":{"@type":"ImageObject","inLanguage":"de","@id":"https:\/\/we4impact.com\/#\/schema\/logo\/image\/","url":"https:\/\/we4impact.com\/wp-content\/uploads\/2019\/03\/we4_400x400_orange-1.png","contentUrl":"https:\/\/we4impact.com\/wp-content\/uploads\/2019\/03\/we4_400x400_orange-1.png","width":150,"height":150,"caption":"we4impact"},"image":{"@id":"https:\/\/we4impact.com\/#\/schema\/logo\/image\/"},"sameAs":["https:\/\/www.linkedin.com\/company\/we4-impact\/"]}]}},"_links":{"self":[{"href":"https:\/\/we4impact.com\/de\/wp-json\/wp\/v2\/pages\/2023","targetHints":{"allow":["GET"]}}],"collection":[{"href":"https:\/\/we4impact.com\/de\/wp-json\/wp\/v2\/pages"}],"about":[{"href":"https:\/\/we4impact.com\/de\/wp-json\/wp\/v2\/types\/page"}],"author":[{"embeddable":true,"href":"https:\/\/we4impact.com\/de\/wp-json\/wp\/v2\/users\/1"}],"replies":[{"embeddable":true,"href":"https:\/\/we4impact.com\/de\/wp-json\/wp\/v2\/comments?post=2023"}],"version-history":[{"count":0,"href":"https:\/\/we4impact.com\/de\/wp-json\/wp\/v2\/pages\/2023\/revisions"}],"wp:attachment":[{"href":"https:\/\/we4impact.com\/de\/wp-json\/wp\/v2\/media?parent=2023"}],"curies":[{"name":"wp","href":"https:\/\/api.w.org\/{rel}","templated":true}]}}