{"id":1986,"date":"2022-06-08T04:48:42","date_gmt":"2022-06-08T04:48:42","guid":{"rendered":"https:\/\/we4impact.com\/ueber-uns\/"},"modified":"2022-08-13T15:11:22","modified_gmt":"2022-08-13T15:11:22","slug":"ueber-uns","status":"publish","type":"page","link":"https:\/\/we4impact.com\/de\/ueber-uns\/","title":{"rendered":"\u00dcber uns"},"content":{"rendered":"<p><div class=\"fusion-bg-parallax\" data-bg-align=\"center bottom\" data-direction=\"up\" data-mute=\"false\" data-opacity=\"100\" data-velocity=\"-0.3\" data-mobile-enabled=\"false\" data-break_parents=\"0\" data-bg-image=\"https:\/\/we4impact.com\/wp-content\/uploads\/2015\/02\/we4_Impact_Hintergrund_Berg_Hell.jpg\" data-bg-repeat=\"false\" ><\/div><div class=\"fusion-fullwidth fullwidth-box fusion-builder-row-1 has-pattern-background has-mask-background fusion-parallax-up nonhundred-percent-fullwidth non-hundred-percent-height-scrolling\" style=\"--awb-background-position:center bottom;--awb-border-sizes-top:0px;--awb-border-sizes-bottom:0px;--awb-border-sizes-left:0px;--awb-border-sizes-right:0px;--awb-border-radius-top-left:0px;--awb-border-radius-top-right:0px;--awb-border-radius-bottom-right:0px;--awb-border-radius-bottom-left:0px;--awb-padding-top:180px;--awb-padding-bottom:150px;--awb-background-image:url(&quot;https:\/\/we4impact.com\/wp-content\/uploads\/2015\/02\/we4_Impact_Hintergrund_Berg_Hell.jpg&quot;);--awb-background-size:cover;--awb-flex-wrap:wrap;\" ><div class=\"fusion-builder-row fusion-row\"><div class=\"fusion-layout-column fusion_builder_column fusion-builder-column-0 fusion_builder_column_2_3 2_3 fusion-two-third fusion-column-first\" style=\"--awb-padding-bottom:30px;--awb-bg-size:cover;width:65.3333%; margin-right: 4%;\"><div class=\"fusion-column-wrapper fusion-flex-column-wrapper-legacy\"><div class=\"fusion-text fusion-text-1\"><h2><span style=\"color: #ffffff;\">\u00dcber uns<\/span><\/h2>\n<\/div><div class=\"fusion-clearfix\"><\/div><\/div><\/div><\/div><\/div><div class=\"fusion-fullwidth fullwidth-box fusion-builder-row-2 nonhundred-percent-fullwidth non-hundred-percent-height-scrolling\" style=\"--awb-background-position:left top;--awb-border-sizes-top:0px;--awb-border-sizes-bottom:0px;--awb-border-sizes-left:0px;--awb-border-sizes-right:0px;--awb-border-radius-top-left:0px;--awb-border-radius-top-right:0px;--awb-border-radius-bottom-right:0px;--awb-border-radius-bottom-left:0px;--awb-padding-top:70px;--awb-padding-bottom:40px;--awb-flex-wrap:wrap;\" ><div class=\"fusion-builder-row fusion-row\"><div class=\"fusion-layout-column fusion_builder_column fusion-builder-column-1 fusion_builder_column_1_2 1_2 fusion-one-half fusion-column-first\" style=\"--awb-bg-size:cover;--awb-margin-bottom:40px;width:48%; margin-right: 4%;\"><div class=\"fusion-column-wrapper fusion-flex-column-wrapper-legacy\"><div class=\"fusion-text fusion-text-2\"><h2>we4 Impact<\/h2>\n<\/div><div class=\"fusion-sep-clear\"><\/div><div class=\"fusion-separator fusion-clearfix\" style=\"float:left;margin-top:0px;margin-bottom:40px;width:100%;max-width:150px;\"><div class=\"fusion-separator-border sep-single sep-solid\" style=\"--awb-height:20px;--awb-amount:20px;--awb-sep-color:#ff6900;border-color:#ff6900;border-top-width:4px;\"><\/div><\/div><div class=\"fusion-sep-clear\"><\/div><div class=\"fusion-clearfix\"><\/div><\/div><\/div><div class=\"fusion-layout-column fusion_builder_column fusion-builder-column-2 fusion_builder_column_1_2 1_2 fusion-one-half fusion-column-last\" style=\"--awb-bg-size:cover;--awb-margin-bottom:0px;width:48%;\"><div class=\"fusion-column-wrapper fusion-flex-column-wrapper-legacy\"><div class=\"fusion-clearfix\"><\/div><\/div><\/div><div class=\"fusion-layout-column fusion_builder_column fusion-builder-column-3 fusion_builder_column_1_1 1_1 fusion-one-full fusion-column-first fusion-column-last\" style=\"--awb-bg-size:cover;\"><div class=\"fusion-column-wrapper fusion-flex-column-wrapper-legacy\"><div class=\"fusion-text fusion-text-3\"><p>We4 Impact wurde Anfang 2019 von <a href=\"https:\/\/we4impact.com\/de\/team\/\">Dr. Karsten Filzmaier<\/a> und <a href=\"https:\/\/we4impact.com\/de\/team\/\">Dr. Laila Neuthor<\/a> mit dem Ziel gegr\u00fcndet, die Risiko- und Leistungspr\u00fcfung in der Lebens- und Krankenversicherung ganzheitlich und gemeinsam mit unseren Kunden weiterzuentwickeln. \u00dcber die letzten Jahre haben sich durch die enge Zusammenarbeit mit unserem Kunden die drei Gesch\u00e4ftsfelder (Transformations-)Beratung, operationelle gesellschafts\u00e4rztliche Services und die Aus- und Weiterbildung von Risiko- und Leistungspr\u00fcfern herausgebildet. Im Jahr 2020 haben wir die we4 Impact Academy als Online-Plattform f\u00fcr die Aus- und Weiterbildung der Risiko- und Leistungspr\u00fcferInnen f\u00fcr den deutschsprachigen Raum entwickelt. <\/p>\n<p>Der Fokus von we4 Impact liegt bewusst auf der Risiko- und Leistungspr\u00fcfung. Hier sind wir mit unserer Expertise zu fachlichen (insb. versicherungsmedizinischen) Inhalten, der Prozesslandschaft, und Schnittstellenthemen z.B. zu Aktuariat, Produktmanagement, Data Science, R\u00fcckversicherung und Vertrieb einzigartig. Besonders zeichnet uns unsere Expertise in der Einf\u00fchrung und Weiterentwicklung digitaler und automatisierter L\u00f6sungen aus. <\/p>\n<p>Unsere Kunden sind f\u00fchrenden Lebens- und Krankenversicherer aus Deutschland, Europa, Australien, UK und Asien. Wir verzichten an dieser Stelle bewusst auf die Auflistung unserer Kunden aus der Beratung, Referenzen und Feedback zur <a href=\"https:\/\/we4impact.com\/de\/we4-impact-academy\/\">we4 Impact Academy<\/a> finden Sie <a href=\"https:\/\/we4impact.com\/de\/we4-impact-academy\/\">hier<\/a>. Unser Anspruch in der Transformationsberatung ist es, unsere Kunden durch unsere Arbeit im Hintergrund zu unterst\u00fctzen und so optimale L\u00f6sungen auf den Markt zu bringen. Gerne nennen wir Ihnen auf Anfrage Referenzen, die Ihnen Auskunft \u00fcber die Zusammenarbeit mit we4 Impact geben k\u00f6nnen. <\/p>\n<p>Die we4 Impact GmbH hat ihren Sitz in Pullach bei M\u00fcnchen und befindet sich im ausschlie\u00dflichen Eigentum von Dr. Karsten Filzmaier und Dr. Laila Neuthor.<\/p>\n<\/div><div class=\"fusion-button-wrapper fusion-alignleft\"><a class=\"fusion-button button-flat fusion-button-default-size button-custom fusion-button-default button-1 fusion-button-default-span fusion-button-default-type fusion-no-small-visibility\" style=\"--button_accent_color:#ff6900;--button_border_color:#ff6900;--button_accent_hover_color:rgba(255,255,255,0.9);--button_border_hover_color:#ff6900;--button_border_width-top:2px;--button_border_width-right:2px;--button_border_width-bottom:2px;--button_border_width-left:2px;--button-border-radius-top-left:0px;--button-border-radius-top-right:0px;--button-border-radius-bottom-right:0px;--button-border-radius-bottom-left:0px;--button_gradient_top_color:rgba(255,255,255,0);--button_gradient_bottom_color:rgba(255,255,255,0);--button_gradient_top_color_hover:#ff6900;--button_gradient_bottom_color_hover:#ff6900;\" target=\"_self\" href=\"https:\/\/we4impact.com\/de\/team\/\"><span class=\"fusion-button-text awb-button__text awb-button__text--default\">Unser Team<\/span><i class=\"fa-angle-right fas awb-button__icon awb-button__icon--default button-icon-right\" aria-hidden=\"true\"><\/i><\/a><\/div><div class=\"fusion-clearfix\"><\/div><\/div><\/div><\/div><\/div><div class=\"fusion-fullwidth fullwidth-box fusion-builder-row-3 nonhundred-percent-fullwidth non-hundred-percent-height-scrolling\" style=\"--awb-background-position:left top;--awb-border-sizes-top:0px;--awb-border-sizes-bottom:0px;--awb-border-sizes-left:0px;--awb-border-sizes-right:0px;--awb-border-radius-top-left:0px;--awb-border-radius-top-right:0px;--awb-border-radius-bottom-right:0px;--awb-border-radius-bottom-left:0px;--awb-padding-top:70px;--awb-padding-bottom:40px;--awb-flex-wrap:wrap;\" ><div class=\"fusion-builder-row fusion-row\"><div class=\"fusion-layout-column fusion_builder_column fusion-builder-column-4 fusion_builder_column_1_1 1_1 fusion-one-full fusion-column-first fusion-column-last\" style=\"--awb-bg-size:cover;--awb-margin-bottom:40px;\"><div class=\"fusion-column-wrapper fusion-flex-column-wrapper-legacy\"><div class=\"fusion-text fusion-text-4\"><h2>Unabh\u00e4ngig, f\u00fcr Ihre Ziele<\/h2>\n<\/div><div class=\"fusion-sep-clear\"><\/div><div class=\"fusion-separator fusion-clearfix\" style=\"float:left;margin-top:0px;margin-bottom:40px;width:100%;max-width:150px;\"><div class=\"fusion-separator-border sep-single sep-solid\" style=\"--awb-height:20px;--awb-amount:20px;--awb-sep-color:#ff6900;border-color:#ff6900;border-top-width:4px;\"><\/div><\/div><div class=\"fusion-sep-clear\"><\/div><div class=\"fusion-text fusion-text-5\"><h3>Wir arbeiten unabh\u00e4ngig und engagieren uns f\u00fcr die Erreichung Ihrer Ziele.<\/h3>\n<\/div><div class=\"fusion-clearfix\"><\/div><\/div><\/div><div class=\"fusion-layout-column fusion_builder_column fusion-builder-column-5 fusion_builder_column_1_1 1_1 fusion-one-full fusion-column-first fusion-column-last\" style=\"--awb-bg-size:cover;\"><div class=\"fusion-column-wrapper fusion-flex-column-wrapper-legacy\"><div class=\"fusion-text fusion-text-6\"><p>we4 Impact ist ein unabh\u00e4ngiges Unternehmen. Wir haben nur ein Ziel: hochwertige und zuverl\u00e4ssige Dienstleistungen zu erbringen, die unseren Kunden helfen, ihre Ziele zu erreichen. \u00a0Wir arbeiten eng mit jedem Kunden zusammen, und diese Partnerschaft ist gepr\u00e4gt von gegenseitigem Respekt, Ehrlichkeit und der Wertsch\u00e4tzung der einzigartigen Talente und Fachkenntnisse aller Beteiligten.<\/p>\n<\/div><div class=\"fusion-clearfix\"><\/div><\/div><\/div><\/div><\/div><\/p>\n","protected":false},"excerpt":{"rendered":"","protected":false},"author":1,"featured_media":0,"parent":0,"menu_order":0,"comment_status":"closed","ping_status":"open","template":"100-width.php","meta":{"footnotes":""},"class_list":["post-1986","page","type-page","status-publish","hentry"],"yoast_head":"<!-- This site is optimized with the Yoast SEO plugin v27.4 - https:\/\/yoast.com\/product\/yoast-seo-wordpress\/ -->\n<title>we4 Impact &#8226; \u00dcber uns<\/title>\n<meta name=\"description\" content=\"Combining medical expertise with business proficiency and long-standing life insurance industry know-how, we4 Impact supports you with operational services, training and consulting.\" \/>\n<meta name=\"robots\" content=\"index, follow, max-snippet:-1, max-image-preview:large, max-video-preview:-1\" \/>\n<link rel=\"canonical\" href=\"https:\/\/we4impact.com\/about\/\" \/>\n<meta property=\"og:locale\" content=\"de_DE\" \/>\n<meta property=\"og:type\" content=\"article\" \/>\n<meta property=\"og:title\" content=\"we4 Impact &#8226; \u00dcber uns\" \/>\n<meta property=\"og:description\" content=\"Combining medical expertise with business proficiency and long-standing life insurance industry know-how, we4 Impact supports you with operational services, training and consulting.\" \/>\n<meta property=\"og:url\" content=\"https:\/\/we4impact.com\/about\/\" \/>\n<meta property=\"og:site_name\" content=\"we4 Impact\" \/>\n<meta property=\"article:modified_time\" content=\"2022-08-13T15:11:22+00:00\" \/>\n<meta name=\"twitter:card\" content=\"summary_large_image\" \/>\n<meta name=\"twitter:label1\" content=\"Gesch\u00e4tzte Lesezeit\" \/>\n\t<meta name=\"twitter:data1\" content=\"12\u00a0Minuten\" \/>\n<script type=\"application\/ld+json\" class=\"yoast-schema-graph\">{\"@context\":\"https:\\\/\\\/schema.org\",\"@graph\":[{\"@type\":\"WebPage\",\"@id\":\"https:\\\/\\\/we4impact.com\\\/about\\\/\",\"url\":\"https:\\\/\\\/we4impact.com\\\/about\\\/\",\"name\":\"we4 Impact &#8226; \u00dcber uns\",\"isPartOf\":{\"@id\":\"https:\\\/\\\/we4impact.com\\\/#website\"},\"datePublished\":\"2022-06-08T04:48:42+00:00\",\"dateModified\":\"2022-08-13T15:11:22+00:00\",\"description\":\"Combining medical expertise with business proficiency and long-standing life insurance industry know-how, we4 Impact supports you with operational services, training and consulting.\",\"breadcrumb\":{\"@id\":\"https:\\\/\\\/we4impact.com\\\/about\\\/#breadcrumb\"},\"inLanguage\":\"de\",\"potentialAction\":[{\"@type\":\"ReadAction\",\"target\":[\"https:\\\/\\\/we4impact.com\\\/about\\\/\"]}]},{\"@type\":\"BreadcrumbList\",\"@id\":\"https:\\\/\\\/we4impact.com\\\/about\\\/#breadcrumb\",\"itemListElement\":[{\"@type\":\"ListItem\",\"position\":1,\"name\":\"Startseite\",\"item\":\"https:\\\/\\\/we4impact.com\\\/de\\\/\"},{\"@type\":\"ListItem\",\"position\":2,\"name\":\"\u00dcber uns\"}]},{\"@type\":\"WebSite\",\"@id\":\"https:\\\/\\\/we4impact.com\\\/#website\",\"url\":\"https:\\\/\\\/we4impact.com\\\/\",\"name\":\"we4 Impact\",\"description\":\"Your Partner in Transforming Life Underwriting.\",\"publisher\":{\"@id\":\"https:\\\/\\\/we4impact.com\\\/#organization\"},\"potentialAction\":[{\"@type\":\"SearchAction\",\"target\":{\"@type\":\"EntryPoint\",\"urlTemplate\":\"https:\\\/\\\/we4impact.com\\\/?s={search_term_string}\"},\"query-input\":{\"@type\":\"PropertyValueSpecification\",\"valueRequired\":true,\"valueName\":\"search_term_string\"}}],\"inLanguage\":\"de\"},{\"@type\":\"Organization\",\"@id\":\"https:\\\/\\\/we4impact.com\\\/#organization\",\"name\":\"we4impact\",\"url\":\"https:\\\/\\\/we4impact.com\\\/\",\"logo\":{\"@type\":\"ImageObject\",\"inLanguage\":\"de\",\"@id\":\"https:\\\/\\\/we4impact.com\\\/#\\\/schema\\\/logo\\\/image\\\/\",\"url\":\"https:\\\/\\\/we4impact.com\\\/wp-content\\\/uploads\\\/2019\\\/03\\\/we4_400x400_orange-1.png\",\"contentUrl\":\"https:\\\/\\\/we4impact.com\\\/wp-content\\\/uploads\\\/2019\\\/03\\\/we4_400x400_orange-1.png\",\"width\":150,\"height\":150,\"caption\":\"we4impact\"},\"image\":{\"@id\":\"https:\\\/\\\/we4impact.com\\\/#\\\/schema\\\/logo\\\/image\\\/\"},\"sameAs\":[\"https:\\\/\\\/www.linkedin.com\\\/company\\\/we4-impact\\\/\"]}]}<\/script>\n<!-- \/ Yoast SEO plugin. -->","yoast_head_json":{"title":"we4 Impact &#8226; \u00dcber uns","description":"Combining medical expertise with business proficiency and long-standing life insurance industry know-how, we4 Impact supports you with operational services, training and consulting.","robots":{"index":"index","follow":"follow","max-snippet":"max-snippet:-1","max-image-preview":"max-image-preview:large","max-video-preview":"max-video-preview:-1"},"canonical":"https:\/\/we4impact.com\/about\/","og_locale":"de_DE","og_type":"article","og_title":"we4 Impact &#8226; \u00dcber uns","og_description":"Combining medical expertise with business proficiency and long-standing life insurance industry know-how, we4 Impact supports you with operational services, training and consulting.","og_url":"https:\/\/we4impact.com\/about\/","og_site_name":"we4 Impact","article_modified_time":"2022-08-13T15:11:22+00:00","twitter_card":"summary_large_image","twitter_misc":{"Gesch\u00e4tzte Lesezeit":"12\u00a0Minuten"},"schema":{"@context":"https:\/\/schema.org","@graph":[{"@type":"WebPage","@id":"https:\/\/we4impact.com\/about\/","url":"https:\/\/we4impact.com\/about\/","name":"we4 Impact &#8226; \u00dcber uns","isPartOf":{"@id":"https:\/\/we4impact.com\/#website"},"datePublished":"2022-06-08T04:48:42+00:00","dateModified":"2022-08-13T15:11:22+00:00","description":"Combining medical expertise with business proficiency and long-standing life insurance industry know-how, we4 Impact supports you with operational services, training and consulting.","breadcrumb":{"@id":"https:\/\/we4impact.com\/about\/#breadcrumb"},"inLanguage":"de","potentialAction":[{"@type":"ReadAction","target":["https:\/\/we4impact.com\/about\/"]}]},{"@type":"BreadcrumbList","@id":"https:\/\/we4impact.com\/about\/#breadcrumb","itemListElement":[{"@type":"ListItem","position":1,"name":"Startseite","item":"https:\/\/we4impact.com\/de\/"},{"@type":"ListItem","position":2,"name":"\u00dcber uns"}]},{"@type":"WebSite","@id":"https:\/\/we4impact.com\/#website","url":"https:\/\/we4impact.com\/","name":"we4 Impact","description":"Your Partner in Transforming Life Underwriting.","publisher":{"@id":"https:\/\/we4impact.com\/#organization"},"potentialAction":[{"@type":"SearchAction","target":{"@type":"EntryPoint","urlTemplate":"https:\/\/we4impact.com\/?s={search_term_string}"},"query-input":{"@type":"PropertyValueSpecification","valueRequired":true,"valueName":"search_term_string"}}],"inLanguage":"de"},{"@type":"Organization","@id":"https:\/\/we4impact.com\/#organization","name":"we4impact","url":"https:\/\/we4impact.com\/","logo":{"@type":"ImageObject","inLanguage":"de","@id":"https:\/\/we4impact.com\/#\/schema\/logo\/image\/","url":"https:\/\/we4impact.com\/wp-content\/uploads\/2019\/03\/we4_400x400_orange-1.png","contentUrl":"https:\/\/we4impact.com\/wp-content\/uploads\/2019\/03\/we4_400x400_orange-1.png","width":150,"height":150,"caption":"we4impact"},"image":{"@id":"https:\/\/we4impact.com\/#\/schema\/logo\/image\/"},"sameAs":["https:\/\/www.linkedin.com\/company\/we4-impact\/"]}]}},"_links":{"self":[{"href":"https:\/\/we4impact.com\/de\/wp-json\/wp\/v2\/pages\/1986","targetHints":{"allow":["GET"]}}],"collection":[{"href":"https:\/\/we4impact.com\/de\/wp-json\/wp\/v2\/pages"}],"about":[{"href":"https:\/\/we4impact.com\/de\/wp-json\/wp\/v2\/types\/page"}],"author":[{"embeddable":true,"href":"https:\/\/we4impact.com\/de\/wp-json\/wp\/v2\/users\/1"}],"replies":[{"embeddable":true,"href":"https:\/\/we4impact.com\/de\/wp-json\/wp\/v2\/comments?post=1986"}],"version-history":[{"count":0,"href":"https:\/\/we4impact.com\/de\/wp-json\/wp\/v2\/pages\/1986\/revisions"}],"wp:attachment":[{"href":"https:\/\/we4impact.com\/de\/wp-json\/wp\/v2\/media?parent=1986"}],"curies":[{"name":"wp","href":"https:\/\/api.w.org\/{rel}","templated":true}]}}