{"id":1974,"date":"2022-06-07T23:24:52","date_gmt":"2022-06-07T23:24:52","guid":{"rendered":"https:\/\/we4impact.com\/operationelle-services\/"},"modified":"2022-08-13T15:08:58","modified_gmt":"2022-08-13T15:08:58","slug":"operationelle-services","status":"publish","type":"page","link":"https:\/\/we4impact.com\/de\/operationelle-services\/","title":{"rendered":"Operative Services"},"content":{"rendered":"<p><div class=\"fusion-bg-parallax\" data-bg-align=\"center bottom\" data-direction=\"up\" data-mute=\"false\" data-opacity=\"100\" data-velocity=\"-0.3\" data-mobile-enabled=\"false\" data-break_parents=\"0\" data-bg-image=\"https:\/\/we4impact.com\/wp-content\/uploads\/2015\/02\/we4_Impact_Hintergrund_Berg_Hell.jpg\" data-bg-repeat=\"false\" ><\/div><div class=\"fusion-fullwidth fullwidth-box fusion-builder-row-1 has-pattern-background has-mask-background fusion-parallax-up nonhundred-percent-fullwidth non-hundred-percent-height-scrolling\" style=\"--awb-background-position:center bottom;--awb-border-sizes-top:0px;--awb-border-sizes-bottom:0px;--awb-border-sizes-left:0px;--awb-border-sizes-right:0px;--awb-border-radius-top-left:0px;--awb-border-radius-top-right:0px;--awb-border-radius-bottom-right:0px;--awb-border-radius-bottom-left:0px;--awb-padding-top:180px;--awb-padding-bottom:150px;--awb-background-image:url(&quot;https:\/\/we4impact.com\/wp-content\/uploads\/2015\/02\/we4_Impact_Hintergrund_Berg_Hell.jpg&quot;);--awb-background-size:cover;--awb-flex-wrap:wrap;\" ><div class=\"fusion-builder-row fusion-row\"><div class=\"fusion-layout-column fusion_builder_column fusion-builder-column-0 fusion_builder_column_2_3 2_3 fusion-two-third fusion-column-first\" style=\"--awb-padding-bottom:30px;--awb-bg-size:cover;width:65.3333%; margin-right: 4%;\"><div class=\"fusion-column-wrapper fusion-flex-column-wrapper-legacy\"><div class=\"fusion-text fusion-text-1\"><h2><span style=\"color: #ffffff;\">Operative Services<\/span><\/h2>\n<\/div><div class=\"fusion-clearfix\"><\/div><\/div><\/div><\/div><\/div><div class=\"fusion-fullwidth fullwidth-box fusion-builder-row-2 nonhundred-percent-fullwidth non-hundred-percent-height-scrolling\" style=\"--awb-background-position:left top;--awb-border-sizes-top:0px;--awb-border-sizes-bottom:0px;--awb-border-sizes-left:0px;--awb-border-sizes-right:0px;--awb-border-radius-top-left:0px;--awb-border-radius-top-right:0px;--awb-border-radius-bottom-right:0px;--awb-border-radius-bottom-left:0px;--awb-padding-top:70px;--awb-padding-bottom:20px;--awb-flex-wrap:wrap;\" ><div class=\"fusion-builder-row fusion-row\"><div class=\"fusion-layout-column fusion_builder_column fusion-builder-column-1 fusion_builder_column_1_2 1_2 fusion-one-half fusion-column-first\" style=\"--awb-bg-size:cover;--awb-margin-bottom:40px;width:48%; margin-right: 4%;\"><div class=\"fusion-column-wrapper fusion-flex-column-wrapper-legacy\"><div class=\"fusion-text fusion-text-2\"><h2>Unterst\u00fctzung im Tagesgesch\u00e4ft<\/h2>\n<\/div><div class=\"fusion-sep-clear\"><\/div><div class=\"fusion-separator fusion-clearfix\" style=\"float:left;margin-top:0px;margin-bottom:40px;width:100%;max-width:150px;\"><div class=\"fusion-separator-border sep-single sep-solid\" style=\"--awb-height:20px;--awb-amount:20px;--awb-sep-color:#ff6900;border-color:#ff6900;border-top-width:4px;\"><\/div><\/div><div class=\"fusion-sep-clear\"><\/div><div class=\"fusion-clearfix\"><\/div><\/div><\/div><div class=\"fusion-layout-column fusion_builder_column fusion-builder-column-2 fusion_builder_column_1_2 1_2 fusion-one-half fusion-column-last\" style=\"--awb-bg-size:cover;--awb-margin-bottom:0px;width:48%;\"><div class=\"fusion-column-wrapper fusion-flex-column-wrapper-legacy\"><div class=\"fusion-text fusion-text-3\"><p>Selbst erfahrene Risiko- und Leistungspr\u00fcferInnen bearbeiten tagt\u00e4glich F\u00e4lle, f\u00fcr deren z\u00fcgige und risikoad\u00e4quate Beurteilung ein besonders tiefes medizinisches Fachverst\u00e4ndnis erforderlich ist. Besonders gilt dies bei Rechtstreitigkeiten in der Leistungspr\u00fcfung.<\/p>\n<p>Basierend auf unserem versicherungsmedizinischen Fachwissen und der individuellen Annahme- und Leistungspolitik unserer Kunden unterst\u00fctzen wir hier eng integriert als Teil der Wertsch\u00f6pfungskette.<\/p>\n<\/div><div class=\"fusion-clearfix\"><\/div><\/div><\/div><\/div><\/div><div class=\"fusion-fullwidth fullwidth-box fusion-builder-row-3 nonhundred-percent-fullwidth non-hundred-percent-height-scrolling\" style=\"--awb-border-sizes-top:0px;--awb-border-sizes-bottom:0px;--awb-border-sizes-left:0px;--awb-border-sizes-right:0px;--awb-border-radius-top-left:0px;--awb-border-radius-top-right:0px;--awb-border-radius-bottom-right:0px;--awb-border-radius-bottom-left:0px;--awb-padding-top:30px;--awb-padding-bottom:30px;--awb-background-color:var(--awb-color5);--awb-flex-wrap:wrap;\" ><div class=\"fusion-builder-row fusion-row\"><div class=\"fusion-layout-column fusion_builder_column fusion-builder-column-3 fusion_builder_column_1_1 1_1 fusion-one-full fusion-column-first fusion-column-last\" style=\"--awb-bg-size:cover;--awb-margin-bottom:0px;\"><div class=\"fusion-column-wrapper fusion-column-has-shadow fusion-flex-column-wrapper-legacy\"><div class=\"fusion-text fusion-text-4 fusion-text-no-margin\" style=\"--awb-font-size:19px;--awb-text-color:var(--awb-color1);--awb-margin-top:0px;--awb-margin-bottom:0px;\"><p style=\"text-align: center;\">Wir unterst\u00fctzen mit gesellschafts\u00e4rztlicher Expertise in der Tagesarbeit in der Risiko- und Leistungspr\u00fcfung und der Rechtsabteilung.<\/p>\n<\/div><div class=\"fusion-clearfix\"><\/div><\/div><\/div><\/div><\/div><div class=\"fusion-fullwidth fullwidth-box fusion-builder-row-4 nonhundred-percent-fullwidth non-hundred-percent-height-scrolling\" style=\"--awb-background-position:left top;--awb-border-sizes-top:0px;--awb-border-sizes-bottom:0px;--awb-border-sizes-left:0px;--awb-border-sizes-right:0px;--awb-border-radius-top-left:0px;--awb-border-radius-top-right:0px;--awb-border-radius-bottom-right:0px;--awb-border-radius-bottom-left:0px;--awb-padding-top:40px;--awb-padding-bottom:40px;--awb-flex-wrap:wrap;\" ><div class=\"fusion-builder-row fusion-row\"><div class=\"fusion-layout-column fusion_builder_column fusion-builder-column-4 fusion_builder_column_1_1 1_1 fusion-one-full fusion-column-first fusion-column-last\" style=\"--awb-bg-size:cover;\"><div class=\"fusion-column-wrapper fusion-flex-column-wrapper-legacy\"><div class=\"fusion-text fusion-text-5\"><h3>Versicherungsmedizinische Exzellenz:<\/h3>\n<ul>\n<li style=\"list-style: square;\">Unsere Gesellschafts\u00e4rztInnen sind ausschlie\u00dflich Fach\u00e4rztInnen mit (langj\u00e4hriger) Erfahrung in der Versicherungsmedizin.<\/li>\n<li style=\"list-style: square;\">F\u00fcr au\u00dfergew\u00f6hnliche medizinische F\u00e4lle greifen wir \u00fcber unser Netzwerk direkt auf entsprechende Fach\u00e4rztInnen zu.<\/li>\n<\/ul>\n<h3>Zwei Optionen:<\/h3>\n<ul>\n<li style=\"list-style: square;\">\u201cOn Call\u201c: Zweitmeinung telefonisch oder via MS-Teams oder Skype ohne Anbindung in die IT-Systeme des Versicherers.<\/li>\n<li style=\"list-style: square;\">\u201cOn Duty\u201c: Gesellschafts\u00e4rztliche Unterst\u00fctzung mit Urlaubs- \/ Krankheitsvertretungen und (remote) Einbindung in IT-Systemlandschaft und interne Prozesse.<\/li>\n<li style=\"list-style: square;\">Konformit\u00e4t mit allen Datenschutzvorgaben der DSGVO.<\/li>\n<li>Konformit\u00e4t mit der Risikophilosophie unserer Kunden und Etablierung eines Austauschs \u00fcber Auff\u00e4lligkeiten und Optimierungspotentiale.<\/li>\n<\/ul>\n<h3>Hervorragende Planbarkeit:<\/h3>\n<ul>\n<li>Finanzielle Planbarkeit durch \u201cAbonnements\u201c mit fester Stundenzahl pro Woche, in R\u00fccksprache sind tempor\u00e4re Anpassungen z.B. f\u00fcr das Jahresendgesch\u00e4ft m\u00f6glich.<\/li>\n<li style=\"list-style: square;\">Operative Planbarkeit durch garantierte, maximale R\u00fcckmeldezeiten und keine Ausf\u00e4lle aufgrund von Krankheit oder Urlaub.<\/li>\n<\/ul>\n<h3>Pers\u00f6nlicher Service:<\/h3>\n<ul>\n<li style=\"list-style: square;\">Wir agieren als Sparringspartner auf Augenh\u00f6he f\u00fcr die Risiko- und Leistungspr\u00fcferInnen.<\/li>\n<li style=\"list-style: square;\">Neben der konkreten L\u00f6sung des Falls ist f\u00fcr uns auch die Erkl\u00e4rung des Hintergrundes wichtig \u2013 so dass MitarbeiterInnen, Vertriebspartner und Kunden die Empfehlung nachvollziehen k\u00f6nnen.<\/li>\n<\/ul>\n<\/div><div class=\"fusion-clearfix\"><\/div><\/div><\/div><\/div><\/div><div class=\"fusion-fullwidth fullwidth-box fusion-builder-row-5 nonhundred-percent-fullwidth non-hundred-percent-height-scrolling\" style=\"--awb-border-sizes-top:0px;--awb-border-sizes-bottom:0px;--awb-border-sizes-left:0px;--awb-border-sizes-right:0px;--awb-border-radius-top-left:0px;--awb-border-radius-top-right:0px;--awb-border-radius-bottom-right:0px;--awb-border-radius-bottom-left:0px;--awb-padding-top:30px;--awb-padding-bottom:30px;--awb-background-color:var(--awb-color5);--awb-flex-wrap:wrap;\" ><div class=\"fusion-builder-row fusion-row\"><div class=\"fusion-layout-column fusion_builder_column fusion-builder-column-5 fusion_builder_column_1_1 1_1 fusion-one-full fusion-column-first fusion-column-last\" style=\"--awb-bg-size:cover;--awb-margin-bottom:0px;\"><div class=\"fusion-column-wrapper fusion-column-has-shadow fusion-flex-column-wrapper-legacy\"><div class=\"fusion-text fusion-text-6 fusion-text-no-margin\" style=\"--awb-font-size:19px;--awb-text-color:var(--awb-color1);--awb-margin-top:0px;--awb-margin-bottom:0px;\"><p style=\"text-align: center;\">we4 Impact unterst\u00fctzt Sie genau dabei: Die Risiko- und Leistungspr\u00fcfung ganzheitlich zu denken.<\/p>\n<\/div><div class=\"fusion-clearfix\"><\/div><\/div><\/div><\/div><\/div><div class=\"fusion-fullwidth fullwidth-box fusion-builder-row-6 nonhundred-percent-fullwidth non-hundred-percent-height-scrolling\" style=\"--awb-background-position:left top;--awb-border-sizes-top:0px;--awb-border-sizes-bottom:0px;--awb-border-sizes-left:0px;--awb-border-sizes-right:0px;--awb-border-radius-top-left:0px;--awb-border-radius-top-right:0px;--awb-border-radius-bottom-right:0px;--awb-border-radius-bottom-left:0px;--awb-padding-top:40px;--awb-padding-bottom:80px;--awb-flex-wrap:wrap;\" ><div class=\"fusion-builder-row fusion-row\"><div class=\"fusion-layout-column fusion_builder_column fusion-builder-column-6 fusion_builder_column_1_1 1_1 fusion-one-full fusion-column-first fusion-column-last\" style=\"--awb-bg-size:cover;\"><div class=\"fusion-column-wrapper fusion-flex-column-wrapper-legacy\"><div class=\"fusion-text fusion-text-7\"><p>Die Aus- und Weiterbildung der Risiko- und Leistungspr\u00fcfungsteams kann \u00fcber das Angebot der <a href=\"https:\/\/we4impact.com\/de\/we4-impact-academy\/\">we4 Impact Academy<\/a> zielgerichtet und kosteneffizient erg\u00e4nzt werden. Eine Kombination mit unserer <a href=\"https:\/\/we4impact.com\/de\/consulting\/\">Transformations Beratung<\/a> bietet sich insbesondere an, um die kontinuierliche Weiterentwicklung und Integration der Ver\u00e4nderungen in die Tagesarbeit zu unterst\u00fctzen und sicherzustellen.<\/p>\n<p>Wir nennen Ihnen auf Anfrage gerne Referenzen, damit Sie sich ein vollst\u00e4ndiges Bild \u00fcber unsere Leistungen machen k\u00f6nnen.<\/p>\n<\/div><div class=\"fusion-clearfix\"><\/div><\/div><\/div><\/div><\/div><\/p>\n","protected":false},"excerpt":{"rendered":"","protected":false},"author":1,"featured_media":0,"parent":0,"menu_order":0,"comment_status":"closed","ping_status":"open","template":"100-width.php","meta":{"footnotes":""},"class_list":["post-1974","page","type-page","status-publish","hentry"],"yoast_head":"<!-- This site is optimized with the Yoast SEO plugin v27.3 - https:\/\/yoast.com\/product\/yoast-seo-wordpress\/ -->\n<title>we4 Impact &#8226; Operative Services<\/title>\n<meta name=\"description\" content=\"Combining medical expertise with business proficiency and long-standing life insurance industry know-how, we4 Impact supports you with operational services, training and consulting.\" \/>\n<meta name=\"robots\" content=\"index, follow, max-snippet:-1, max-image-preview:large, max-video-preview:-1\" \/>\n<link rel=\"canonical\" href=\"https:\/\/we4impact.com\/operational-services\/\" \/>\n<meta property=\"og:locale\" content=\"de_DE\" \/>\n<meta property=\"og:type\" content=\"article\" \/>\n<meta property=\"og:title\" content=\"we4 Impact &#8226; Operative Services\" \/>\n<meta property=\"og:description\" content=\"Combining medical expertise with business proficiency and long-standing life insurance industry know-how, we4 Impact supports you with operational services, training and consulting.\" \/>\n<meta property=\"og:url\" content=\"https:\/\/we4impact.com\/operational-services\/\" \/>\n<meta property=\"og:site_name\" content=\"we4 Impact\" \/>\n<meta property=\"article:modified_time\" content=\"2022-08-13T15:08:58+00:00\" \/>\n<meta name=\"twitter:card\" content=\"summary_large_image\" \/>\n<meta name=\"twitter:label1\" content=\"Gesch\u00e4tzte Lesezeit\" \/>\n\t<meta name=\"twitter:data1\" content=\"20\u00a0Minuten\" \/>\n<script type=\"application\/ld+json\" class=\"yoast-schema-graph\">{\"@context\":\"https:\\\/\\\/schema.org\",\"@graph\":[{\"@type\":\"WebPage\",\"@id\":\"https:\\\/\\\/we4impact.com\\\/operational-services\\\/\",\"url\":\"https:\\\/\\\/we4impact.com\\\/operational-services\\\/\",\"name\":\"we4 Impact &#8226; Operative Services\",\"isPartOf\":{\"@id\":\"https:\\\/\\\/we4impact.com\\\/#website\"},\"datePublished\":\"2022-06-07T23:24:52+00:00\",\"dateModified\":\"2022-08-13T15:08:58+00:00\",\"description\":\"Combining medical expertise with business proficiency and long-standing life insurance industry know-how, we4 Impact supports you with operational services, training and consulting.\",\"breadcrumb\":{\"@id\":\"https:\\\/\\\/we4impact.com\\\/operational-services\\\/#breadcrumb\"},\"inLanguage\":\"de\",\"potentialAction\":[{\"@type\":\"ReadAction\",\"target\":[\"https:\\\/\\\/we4impact.com\\\/operational-services\\\/\"]}]},{\"@type\":\"BreadcrumbList\",\"@id\":\"https:\\\/\\\/we4impact.com\\\/operational-services\\\/#breadcrumb\",\"itemListElement\":[{\"@type\":\"ListItem\",\"position\":1,\"name\":\"Startseite\",\"item\":\"https:\\\/\\\/we4impact.com\\\/de\\\/\"},{\"@type\":\"ListItem\",\"position\":2,\"name\":\"Operative Services\"}]},{\"@type\":\"WebSite\",\"@id\":\"https:\\\/\\\/we4impact.com\\\/#website\",\"url\":\"https:\\\/\\\/we4impact.com\\\/\",\"name\":\"we4 Impact\",\"description\":\"Your Partner in Transforming Life Underwriting.\",\"publisher\":{\"@id\":\"https:\\\/\\\/we4impact.com\\\/#organization\"},\"potentialAction\":[{\"@type\":\"SearchAction\",\"target\":{\"@type\":\"EntryPoint\",\"urlTemplate\":\"https:\\\/\\\/we4impact.com\\\/?s={search_term_string}\"},\"query-input\":{\"@type\":\"PropertyValueSpecification\",\"valueRequired\":true,\"valueName\":\"search_term_string\"}}],\"inLanguage\":\"de\"},{\"@type\":\"Organization\",\"@id\":\"https:\\\/\\\/we4impact.com\\\/#organization\",\"name\":\"we4impact\",\"url\":\"https:\\\/\\\/we4impact.com\\\/\",\"logo\":{\"@type\":\"ImageObject\",\"inLanguage\":\"de\",\"@id\":\"https:\\\/\\\/we4impact.com\\\/#\\\/schema\\\/logo\\\/image\\\/\",\"url\":\"https:\\\/\\\/we4impact.com\\\/wp-content\\\/uploads\\\/2019\\\/03\\\/we4_400x400_orange-1.png\",\"contentUrl\":\"https:\\\/\\\/we4impact.com\\\/wp-content\\\/uploads\\\/2019\\\/03\\\/we4_400x400_orange-1.png\",\"width\":150,\"height\":150,\"caption\":\"we4impact\"},\"image\":{\"@id\":\"https:\\\/\\\/we4impact.com\\\/#\\\/schema\\\/logo\\\/image\\\/\"},\"sameAs\":[\"https:\\\/\\\/www.linkedin.com\\\/company\\\/we4-impact\\\/\"]}]}<\/script>\n<!-- \/ Yoast SEO plugin. -->","yoast_head_json":{"title":"we4 Impact &#8226; Operative Services","description":"Combining medical expertise with business proficiency and long-standing life insurance industry know-how, we4 Impact supports you with operational services, training and consulting.","robots":{"index":"index","follow":"follow","max-snippet":"max-snippet:-1","max-image-preview":"max-image-preview:large","max-video-preview":"max-video-preview:-1"},"canonical":"https:\/\/we4impact.com\/operational-services\/","og_locale":"de_DE","og_type":"article","og_title":"we4 Impact &#8226; Operative Services","og_description":"Combining medical expertise with business proficiency and long-standing life insurance industry know-how, we4 Impact supports you with operational services, training and consulting.","og_url":"https:\/\/we4impact.com\/operational-services\/","og_site_name":"we4 Impact","article_modified_time":"2022-08-13T15:08:58+00:00","twitter_card":"summary_large_image","twitter_misc":{"Gesch\u00e4tzte Lesezeit":"20\u00a0Minuten"},"schema":{"@context":"https:\/\/schema.org","@graph":[{"@type":"WebPage","@id":"https:\/\/we4impact.com\/operational-services\/","url":"https:\/\/we4impact.com\/operational-services\/","name":"we4 Impact &#8226; Operative Services","isPartOf":{"@id":"https:\/\/we4impact.com\/#website"},"datePublished":"2022-06-07T23:24:52+00:00","dateModified":"2022-08-13T15:08:58+00:00","description":"Combining medical expertise with business proficiency and long-standing life insurance industry know-how, we4 Impact supports you with operational services, training and consulting.","breadcrumb":{"@id":"https:\/\/we4impact.com\/operational-services\/#breadcrumb"},"inLanguage":"de","potentialAction":[{"@type":"ReadAction","target":["https:\/\/we4impact.com\/operational-services\/"]}]},{"@type":"BreadcrumbList","@id":"https:\/\/we4impact.com\/operational-services\/#breadcrumb","itemListElement":[{"@type":"ListItem","position":1,"name":"Startseite","item":"https:\/\/we4impact.com\/de\/"},{"@type":"ListItem","position":2,"name":"Operative Services"}]},{"@type":"WebSite","@id":"https:\/\/we4impact.com\/#website","url":"https:\/\/we4impact.com\/","name":"we4 Impact","description":"Your Partner in Transforming Life Underwriting.","publisher":{"@id":"https:\/\/we4impact.com\/#organization"},"potentialAction":[{"@type":"SearchAction","target":{"@type":"EntryPoint","urlTemplate":"https:\/\/we4impact.com\/?s={search_term_string}"},"query-input":{"@type":"PropertyValueSpecification","valueRequired":true,"valueName":"search_term_string"}}],"inLanguage":"de"},{"@type":"Organization","@id":"https:\/\/we4impact.com\/#organization","name":"we4impact","url":"https:\/\/we4impact.com\/","logo":{"@type":"ImageObject","inLanguage":"de","@id":"https:\/\/we4impact.com\/#\/schema\/logo\/image\/","url":"https:\/\/we4impact.com\/wp-content\/uploads\/2019\/03\/we4_400x400_orange-1.png","contentUrl":"https:\/\/we4impact.com\/wp-content\/uploads\/2019\/03\/we4_400x400_orange-1.png","width":150,"height":150,"caption":"we4impact"},"image":{"@id":"https:\/\/we4impact.com\/#\/schema\/logo\/image\/"},"sameAs":["https:\/\/www.linkedin.com\/company\/we4-impact\/"]}]}},"_links":{"self":[{"href":"https:\/\/we4impact.com\/de\/wp-json\/wp\/v2\/pages\/1974","targetHints":{"allow":["GET"]}}],"collection":[{"href":"https:\/\/we4impact.com\/de\/wp-json\/wp\/v2\/pages"}],"about":[{"href":"https:\/\/we4impact.com\/de\/wp-json\/wp\/v2\/types\/page"}],"author":[{"embeddable":true,"href":"https:\/\/we4impact.com\/de\/wp-json\/wp\/v2\/users\/1"}],"replies":[{"embeddable":true,"href":"https:\/\/we4impact.com\/de\/wp-json\/wp\/v2\/comments?post=1974"}],"version-history":[{"count":0,"href":"https:\/\/we4impact.com\/de\/wp-json\/wp\/v2\/pages\/1974\/revisions"}],"wp:attachment":[{"href":"https:\/\/we4impact.com\/de\/wp-json\/wp\/v2\/media?parent=1974"}],"curies":[{"name":"wp","href":"https:\/\/api.w.org\/{rel}","templated":true}]}}