{"id":1971,"date":"2022-06-07T23:16:42","date_gmt":"2022-06-07T23:16:42","guid":{"rendered":"https:\/\/we4impact.com\/transformationsberatung\/"},"modified":"2022-08-13T15:06:54","modified_gmt":"2022-08-13T15:06:54","slug":"transformationsberatung","status":"publish","type":"page","link":"https:\/\/we4impact.com\/de\/transformationsberatung\/","title":{"rendered":"Beratung"},"content":{"rendered":"<p><div class=\"fusion-bg-parallax\" data-bg-align=\"center bottom\" data-direction=\"up\" data-mute=\"false\" data-opacity=\"100\" data-velocity=\"-0.3\" data-mobile-enabled=\"false\" data-break_parents=\"0\" data-bg-image=\"https:\/\/we4impact.com\/wp-content\/uploads\/2015\/02\/we4_Impact_Hintergrund_Berg_Hell.jpg\" data-bg-repeat=\"false\" ><\/div><div class=\"fusion-fullwidth fullwidth-box fusion-builder-row-1 has-pattern-background has-mask-background fusion-parallax-up nonhundred-percent-fullwidth non-hundred-percent-height-scrolling\" style=\"--awb-background-position:center bottom;--awb-border-sizes-top:0px;--awb-border-sizes-bottom:0px;--awb-border-sizes-left:0px;--awb-border-sizes-right:0px;--awb-border-radius-top-left:0px;--awb-border-radius-top-right:0px;--awb-border-radius-bottom-right:0px;--awb-border-radius-bottom-left:0px;--awb-padding-top:180px;--awb-padding-bottom:150px;--awb-background-image:url(&quot;https:\/\/we4impact.com\/wp-content\/uploads\/2015\/02\/we4_Impact_Hintergrund_Berg_Hell.jpg&quot;);--awb-background-size:cover;--awb-flex-wrap:wrap;\" ><div class=\"fusion-builder-row fusion-row\"><div class=\"fusion-layout-column fusion_builder_column fusion-builder-column-0 fusion_builder_column_2_3 2_3 fusion-two-third fusion-column-first\" style=\"--awb-padding-bottom:30px;--awb-bg-size:cover;width:65.3333%; margin-right: 4%;\"><div class=\"fusion-column-wrapper fusion-flex-column-wrapper-legacy\"><div class=\"fusion-text fusion-text-1\"><h2><span style=\"color: #ffffff;\">Beratung<\/span><\/h2>\n<\/div><div class=\"fusion-clearfix\"><\/div><\/div><\/div><\/div><\/div><div class=\"fusion-fullwidth fullwidth-box fusion-builder-row-2 nonhundred-percent-fullwidth non-hundred-percent-height-scrolling\" style=\"--awb-background-position:left top;--awb-border-sizes-top:0px;--awb-border-sizes-bottom:0px;--awb-border-sizes-left:0px;--awb-border-sizes-right:0px;--awb-border-radius-top-left:0px;--awb-border-radius-top-right:0px;--awb-border-radius-bottom-right:0px;--awb-border-radius-bottom-left:0px;--awb-padding-top:70px;--awb-padding-bottom:40px;--awb-flex-wrap:wrap;\" ><div class=\"fusion-builder-row fusion-row\"><div class=\"fusion-layout-column fusion_builder_column fusion-builder-column-1 fusion_builder_column_1_1 1_1 fusion-one-full fusion-column-first fusion-column-last\" style=\"--awb-bg-size:cover;--awb-margin-bottom:40px;\"><div class=\"fusion-column-wrapper fusion-flex-column-wrapper-legacy\"><div class=\"fusion-text fusion-text-2\"><h2>Gemeinsam einen Schritt nach vorne machen<\/h2>\n<\/div><div class=\"fusion-sep-clear\"><\/div><div class=\"fusion-separator fusion-clearfix\" style=\"float:left;margin-top:0px;margin-bottom:40px;width:100%;max-width:150px;\"><div class=\"fusion-separator-border sep-single sep-solid\" style=\"--awb-height:20px;--awb-amount:20px;--awb-sep-color:#ff6900;border-color:#ff6900;border-top-width:4px;\"><\/div><\/div><div class=\"fusion-sep-clear\"><\/div><div class=\"fusion-text fusion-text-3\"><p>Die Risiko- und Leistungspr\u00fcfung stehen in vielen Lebens- und Krankenversicherungsunternehmen <strong>vor dem n\u00e4chsten Schritt in ihrer individuellen Weiterentwicklung<\/strong>. Was dieser n\u00e4chste Schritt sein wird, ist sehr unterschiedlich. Wir begleiten unsere Kunden <strong>von ihrem jeweiligen Ausgangspunkt hin zu ihrem Ziel<\/strong> und bringen dabei unsere komplette <strong>fachliche und prozessuale Expertise<\/strong> in der Risiko- und Leistungspr\u00fcfung und der <strong>Organisationsentwicklung <\/strong>ein. Von der <strong>Visionsentwicklung bis hin zur Umsetzung<\/strong>.<\/p>\n<\/div><div class=\"fusion-clearfix\"><\/div><\/div><\/div><\/div><\/div><div class=\"fusion-fullwidth fullwidth-box fusion-builder-row-3 nonhundred-percent-fullwidth non-hundred-percent-height-scrolling fusion-equal-height-columns\" style=\"--awb-background-position:left top;--awb-border-sizes-top:0px;--awb-border-sizes-bottom:0px;--awb-border-sizes-left:0px;--awb-border-sizes-right:0px;--awb-border-radius-top-left:0px;--awb-border-radius-top-right:0px;--awb-border-radius-bottom-right:0px;--awb-border-radius-bottom-left:0px;--awb-padding-top:0px;--awb-padding-bottom:80px;--awb-margin-top:0px;--awb-flex-wrap:wrap;\" ><div class=\"fusion-builder-row fusion-row\"><div class=\"fusion-layout-column fusion_builder_column fusion-builder-column-2 fusion_builder_column_1_3 1_3 fusion-one-third fusion-column-first\" style=\"--awb-padding-top:40px;--awb-padding-right:20px;--awb-padding-bottom:40px;--awb-padding-left:20px;--awb-bg-size:cover;--awb-box-shadow:0px 0px 4px 0px var(--awb-custom18);;--awb-border-color:var(--awb-custom11);--awb-border-top:2px;--awb-border-right:2px;--awb-border-bottom:2px;--awb-border-left:2px;--awb-border-style:solid;width:30.6666%; margin-right: 4%;\"><div class=\"fusion-column-wrapper fusion-column-has-shadow fusion-flex-column-wrapper-legacy\"><div class=\"fusion-title title fusion-title-1 fusion-sep-none fusion-title-center fusion-title-text fusion-title-size-three\" style=\"--awb-margin-bottom:10px;--awb-margin-top-small:0px;--awb-margin-bottom-small:20px;\"><h3 class=\"fusion-title-heading title-heading-center fusion-responsive-typography-calculated\" style=\"margin:0;--fontSize:22;--minFontSize:22;line-height:1.91;\">Unser Ansatz<\/h3><\/div><div class=\"fusion-sep-clear\"><\/div><div class=\"fusion-separator\" style=\"margin-left: auto;margin-right: auto;margin-top:0px;margin-bottom:10px;width:100%;max-width:50px;\"><div class=\"fusion-separator-border sep-single sep-solid\" style=\"--awb-height:20px;--awb-amount:20px;--awb-sep-color:#ff6900;border-color:#ff6900;border-top-width:3px;\"><\/div><\/div><div class=\"fusion-sep-clear\"><\/div><div class=\"fusion-text fusion-text-4\"><p style=\"text-align: center;\">Unser integrierter Ansatz beh\u00e4lt das gro\u00dfe Ganze und damit die Zusammenh\u00e4nge zwischen allen Entscheidungen im Auge.<\/p>\n<\/div><div class=\"fusion-button-wrapper fusion-aligncenter\"><a class=\"fusion-button button-flat fusion-button-default-size button-custom fusion-button-default button-1 fusion-button-default-span fusion-button-default-type\" style=\"--button_accent_color:#ff6900;--button_border_color:#ff6900;--button_accent_hover_color:rgba(255,255,255,0.9);--button_border_hover_color:#ff6900;--button_border_width-top:2px;--button_border_width-right:2px;--button_border_width-bottom:2px;--button_border_width-left:2px;--button-border-radius-top-left:0px;--button-border-radius-top-right:0px;--button-border-radius-bottom-right:0px;--button-border-radius-bottom-left:0px;--button_gradient_top_color:rgba(255,255,255,0);--button_gradient_bottom_color:rgba(255,255,255,0);--button_gradient_top_color_hover:#ff6900;--button_gradient_bottom_color_hover:#ff6900;\" target=\"_self\" href=\"https:\/\/we4impact.com\/de\/unser-ansatz\/\"><span class=\"fusion-button-text awb-button__text awb-button__text--default\">Mehr erfahren<\/span><i class=\"fa-angle-right fas awb-button__icon awb-button__icon--default button-icon-right\" aria-hidden=\"true\"><\/i><\/a><\/div><div class=\"fusion-clearfix\"><\/div><\/div><\/div><div class=\"fusion-layout-column fusion_builder_column fusion-builder-column-3 fusion_builder_column_1_3 1_3 fusion-one-third\" style=\"--awb-padding-top:40px;--awb-padding-right:20px;--awb-padding-bottom:40px;--awb-padding-left:20px;--awb-bg-size:cover;--awb-box-shadow:0px 0px 4px 0px var(--awb-custom18);;--awb-border-color:var(--awb-custom11);--awb-border-top:2px;--awb-border-right:2px;--awb-border-bottom:2px;--awb-border-left:2px;--awb-border-style:solid;width:30.6666%; margin-right: 4%;\"><div class=\"fusion-column-wrapper fusion-column-has-shadow fusion-flex-column-wrapper-legacy\"><div class=\"fusion-title title fusion-title-2 fusion-sep-none fusion-title-center fusion-title-text fusion-title-size-three\" style=\"--awb-margin-bottom:10px;--awb-margin-top-small:0px;--awb-margin-bottom-small:20px;\"><h3 class=\"fusion-title-heading title-heading-center fusion-responsive-typography-calculated\" style=\"margin:0;--fontSize:22;--minFontSize:22;line-height:1.91;\">Risikopr\u00fcfung<\/h3><\/div><div class=\"fusion-sep-clear\"><\/div><div class=\"fusion-separator\" style=\"margin-left: auto;margin-right: auto;margin-top:0px;margin-bottom:10px;width:100%;max-width:50px;\"><div class=\"fusion-separator-border sep-single sep-solid\" style=\"--awb-height:20px;--awb-amount:20px;--awb-sep-color:#ff6900;border-color:#ff6900;border-top-width:3px;\"><\/div><\/div><div class=\"fusion-sep-clear\"><\/div><div class=\"fusion-text fusion-text-5\"><p style=\"text-align: center;\">Erfahren Sie mehr \u00fcber die Schwerpunkte unserer Risikopr\u00fcfungs-Projekte und lesen Sie Fallstudien aus unserer Beratungspraxis.<\/p>\n<\/div><div class=\"fusion-button-wrapper fusion-aligncenter\"><a class=\"fusion-button button-flat fusion-button-default-size button-custom fusion-button-default button-2 fusion-button-default-span fusion-button-default-type\" style=\"--button_accent_color:#ff6900;--button_border_color:#ff6900;--button_accent_hover_color:rgba(255,255,255,0.9);--button_border_hover_color:#ff6900;--button_border_width-top:2px;--button_border_width-right:2px;--button_border_width-bottom:2px;--button_border_width-left:2px;--button-border-radius-top-left:0px;--button-border-radius-top-right:0px;--button-border-radius-bottom-right:0px;--button-border-radius-bottom-left:0px;--button_gradient_top_color:rgba(255,255,255,0);--button_gradient_bottom_color:rgba(255,255,255,0);--button_gradient_top_color_hover:#ff6900;--button_gradient_bottom_color_hover:#ff6900;\" target=\"_self\" href=\"https:\/\/we4impact.com\/de\/risikopruefung\/\"><span class=\"fusion-button-text awb-button__text awb-button__text--default\">Mehr erfahren<\/span><i class=\"fa-angle-right fas awb-button__icon awb-button__icon--default button-icon-right\" aria-hidden=\"true\"><\/i><\/a><\/div><div class=\"fusion-clearfix\"><\/div><\/div><\/div><div class=\"fusion-layout-column fusion_builder_column fusion-builder-column-4 fusion_builder_column_1_3 1_3 fusion-one-third fusion-column-last\" style=\"--awb-padding-top:40px;--awb-padding-right:20px;--awb-padding-bottom:40px;--awb-padding-left:20px;--awb-bg-size:cover;--awb-box-shadow:0px 0px 4px 0px var(--awb-custom18);;--awb-border-color:var(--awb-custom11);--awb-border-top:2px;--awb-border-right:2px;--awb-border-bottom:2px;--awb-border-left:2px;--awb-border-style:solid;width:30.6666%;\"><div class=\"fusion-column-wrapper fusion-column-has-shadow fusion-flex-column-wrapper-legacy\"><div class=\"fusion-title title fusion-title-3 fusion-sep-none fusion-title-center fusion-title-text fusion-title-size-three\" style=\"--awb-margin-bottom:10px;--awb-margin-top-small:0px;--awb-margin-bottom-small:20px;\"><h3 class=\"fusion-title-heading title-heading-center fusion-responsive-typography-calculated\" style=\"margin:0;--fontSize:22;--minFontSize:22;line-height:1.91;\">Leistungspr\u00fcfung<\/h3><\/div><div class=\"fusion-sep-clear\"><\/div><div class=\"fusion-separator\" style=\"margin-left: auto;margin-right: auto;margin-top:0px;margin-bottom:10px;width:100%;max-width:50px;\"><div class=\"fusion-separator-border sep-single sep-solid\" style=\"--awb-height:20px;--awb-amount:20px;--awb-sep-color:#ff6900;border-color:#ff6900;border-top-width:3px;\"><\/div><\/div><div class=\"fusion-sep-clear\"><\/div><div class=\"fusion-text fusion-text-6\"><p style=\"text-align: center;\">Erfahren Sie mehr \u00fcber die Schwerpunkte unserer Leistungspr\u00fcfungs-Projekte und lesen Sie Fallstudien aus unserer Beratungspraxis.<\/p>\n<\/div><div class=\"fusion-button-wrapper fusion-aligncenter\"><a class=\"fusion-button button-flat fusion-button-default-size button-custom fusion-button-default button-3 fusion-button-default-span fusion-button-default-type\" style=\"--button_accent_color:#ff6900;--button_border_color:#ff6900;--button_accent_hover_color:rgba(255,255,255,0.9);--button_border_hover_color:#ff6900;--button_border_width-top:2px;--button_border_width-right:2px;--button_border_width-bottom:2px;--button_border_width-left:2px;--button-border-radius-top-left:0px;--button-border-radius-top-right:0px;--button-border-radius-bottom-right:0px;--button-border-radius-bottom-left:0px;--button_gradient_top_color:rgba(255,255,255,0);--button_gradient_bottom_color:rgba(255,255,255,0);--button_gradient_top_color_hover:#ff6900;--button_gradient_bottom_color_hover:#ff6900;\" target=\"_self\" href=\"https:\/\/we4impact.com\/de\/leistungspruefung\/\"><span class=\"fusion-button-text awb-button__text awb-button__text--default\">Mehr erfahren<\/span><i class=\"fa-angle-right fas awb-button__icon awb-button__icon--default button-icon-right\" aria-hidden=\"true\"><\/i><\/a><\/div><div class=\"fusion-clearfix\"><\/div><\/div><\/div><\/div><\/div><\/p>\n","protected":false},"excerpt":{"rendered":"","protected":false},"author":1,"featured_media":0,"parent":0,"menu_order":0,"comment_status":"closed","ping_status":"open","template":"100-width.php","meta":{"footnotes":""},"class_list":["post-1971","page","type-page","status-publish","hentry"],"yoast_head":"<!-- This site is optimized with the Yoast SEO plugin v27.4 - https:\/\/yoast.com\/product\/yoast-seo-wordpress\/ -->\n<title>we4 Impact &#8226; Beratung<\/title>\n<meta name=\"description\" content=\"Combining medical expertise with business proficiency and long-standing life insurance industry know-how, we4 Impact supports you with operational services, training and consulting.\" \/>\n<meta name=\"robots\" content=\"index, follow, max-snippet:-1, max-image-preview:large, max-video-preview:-1\" \/>\n<link rel=\"canonical\" href=\"https:\/\/we4impact.com\/consulting\/\" \/>\n<meta property=\"og:locale\" content=\"de_DE\" \/>\n<meta property=\"og:type\" content=\"article\" \/>\n<meta property=\"og:title\" content=\"we4 Impact &#8226; Beratung\" \/>\n<meta property=\"og:description\" content=\"Combining medical expertise with business proficiency and long-standing life insurance industry know-how, we4 Impact supports you with operational services, training and consulting.\" \/>\n<meta property=\"og:url\" content=\"https:\/\/we4impact.com\/consulting\/\" \/>\n<meta property=\"og:site_name\" content=\"we4 Impact\" \/>\n<meta property=\"article:modified_time\" content=\"2022-08-13T15:06:54+00:00\" \/>\n<meta name=\"twitter:card\" content=\"summary_large_image\" \/>\n<meta name=\"twitter:label1\" content=\"Gesch\u00e4tzte Lesezeit\" \/>\n\t<meta name=\"twitter:data1\" content=\"19\u00a0Minuten\" \/>\n<script type=\"application\/ld+json\" class=\"yoast-schema-graph\">{\"@context\":\"https:\\\/\\\/schema.org\",\"@graph\":[{\"@type\":\"WebPage\",\"@id\":\"https:\\\/\\\/we4impact.com\\\/consulting\\\/\",\"url\":\"https:\\\/\\\/we4impact.com\\\/consulting\\\/\",\"name\":\"we4 Impact &#8226; Beratung\",\"isPartOf\":{\"@id\":\"https:\\\/\\\/we4impact.com\\\/#website\"},\"datePublished\":\"2022-06-07T23:16:42+00:00\",\"dateModified\":\"2022-08-13T15:06:54+00:00\",\"description\":\"Combining medical expertise with business proficiency and long-standing life insurance industry know-how, we4 Impact supports you with operational services, training and consulting.\",\"breadcrumb\":{\"@id\":\"https:\\\/\\\/we4impact.com\\\/consulting\\\/#breadcrumb\"},\"inLanguage\":\"de\",\"potentialAction\":[{\"@type\":\"ReadAction\",\"target\":[\"https:\\\/\\\/we4impact.com\\\/consulting\\\/\"]}]},{\"@type\":\"BreadcrumbList\",\"@id\":\"https:\\\/\\\/we4impact.com\\\/consulting\\\/#breadcrumb\",\"itemListElement\":[{\"@type\":\"ListItem\",\"position\":1,\"name\":\"Startseite\",\"item\":\"https:\\\/\\\/we4impact.com\\\/de\\\/\"},{\"@type\":\"ListItem\",\"position\":2,\"name\":\"Beratung\"}]},{\"@type\":\"WebSite\",\"@id\":\"https:\\\/\\\/we4impact.com\\\/#website\",\"url\":\"https:\\\/\\\/we4impact.com\\\/\",\"name\":\"we4 Impact\",\"description\":\"Your Partner in Transforming Life Underwriting.\",\"publisher\":{\"@id\":\"https:\\\/\\\/we4impact.com\\\/#organization\"},\"potentialAction\":[{\"@type\":\"SearchAction\",\"target\":{\"@type\":\"EntryPoint\",\"urlTemplate\":\"https:\\\/\\\/we4impact.com\\\/?s={search_term_string}\"},\"query-input\":{\"@type\":\"PropertyValueSpecification\",\"valueRequired\":true,\"valueName\":\"search_term_string\"}}],\"inLanguage\":\"de\"},{\"@type\":\"Organization\",\"@id\":\"https:\\\/\\\/we4impact.com\\\/#organization\",\"name\":\"we4impact\",\"url\":\"https:\\\/\\\/we4impact.com\\\/\",\"logo\":{\"@type\":\"ImageObject\",\"inLanguage\":\"de\",\"@id\":\"https:\\\/\\\/we4impact.com\\\/#\\\/schema\\\/logo\\\/image\\\/\",\"url\":\"https:\\\/\\\/we4impact.com\\\/wp-content\\\/uploads\\\/2019\\\/03\\\/we4_400x400_orange-1.png\",\"contentUrl\":\"https:\\\/\\\/we4impact.com\\\/wp-content\\\/uploads\\\/2019\\\/03\\\/we4_400x400_orange-1.png\",\"width\":150,\"height\":150,\"caption\":\"we4impact\"},\"image\":{\"@id\":\"https:\\\/\\\/we4impact.com\\\/#\\\/schema\\\/logo\\\/image\\\/\"},\"sameAs\":[\"https:\\\/\\\/www.linkedin.com\\\/company\\\/we4-impact\\\/\"]}]}<\/script>\n<!-- \/ Yoast SEO plugin. -->","yoast_head_json":{"title":"we4 Impact &#8226; Beratung","description":"Combining medical expertise with business proficiency and long-standing life insurance industry know-how, we4 Impact supports you with operational services, training and consulting.","robots":{"index":"index","follow":"follow","max-snippet":"max-snippet:-1","max-image-preview":"max-image-preview:large","max-video-preview":"max-video-preview:-1"},"canonical":"https:\/\/we4impact.com\/consulting\/","og_locale":"de_DE","og_type":"article","og_title":"we4 Impact &#8226; Beratung","og_description":"Combining medical expertise with business proficiency and long-standing life insurance industry know-how, we4 Impact supports you with operational services, training and consulting.","og_url":"https:\/\/we4impact.com\/consulting\/","og_site_name":"we4 Impact","article_modified_time":"2022-08-13T15:06:54+00:00","twitter_card":"summary_large_image","twitter_misc":{"Gesch\u00e4tzte Lesezeit":"19\u00a0Minuten"},"schema":{"@context":"https:\/\/schema.org","@graph":[{"@type":"WebPage","@id":"https:\/\/we4impact.com\/consulting\/","url":"https:\/\/we4impact.com\/consulting\/","name":"we4 Impact &#8226; Beratung","isPartOf":{"@id":"https:\/\/we4impact.com\/#website"},"datePublished":"2022-06-07T23:16:42+00:00","dateModified":"2022-08-13T15:06:54+00:00","description":"Combining medical expertise with business proficiency and long-standing life insurance industry know-how, we4 Impact supports you with operational services, training and consulting.","breadcrumb":{"@id":"https:\/\/we4impact.com\/consulting\/#breadcrumb"},"inLanguage":"de","potentialAction":[{"@type":"ReadAction","target":["https:\/\/we4impact.com\/consulting\/"]}]},{"@type":"BreadcrumbList","@id":"https:\/\/we4impact.com\/consulting\/#breadcrumb","itemListElement":[{"@type":"ListItem","position":1,"name":"Startseite","item":"https:\/\/we4impact.com\/de\/"},{"@type":"ListItem","position":2,"name":"Beratung"}]},{"@type":"WebSite","@id":"https:\/\/we4impact.com\/#website","url":"https:\/\/we4impact.com\/","name":"we4 Impact","description":"Your Partner in Transforming Life Underwriting.","publisher":{"@id":"https:\/\/we4impact.com\/#organization"},"potentialAction":[{"@type":"SearchAction","target":{"@type":"EntryPoint","urlTemplate":"https:\/\/we4impact.com\/?s={search_term_string}"},"query-input":{"@type":"PropertyValueSpecification","valueRequired":true,"valueName":"search_term_string"}}],"inLanguage":"de"},{"@type":"Organization","@id":"https:\/\/we4impact.com\/#organization","name":"we4impact","url":"https:\/\/we4impact.com\/","logo":{"@type":"ImageObject","inLanguage":"de","@id":"https:\/\/we4impact.com\/#\/schema\/logo\/image\/","url":"https:\/\/we4impact.com\/wp-content\/uploads\/2019\/03\/we4_400x400_orange-1.png","contentUrl":"https:\/\/we4impact.com\/wp-content\/uploads\/2019\/03\/we4_400x400_orange-1.png","width":150,"height":150,"caption":"we4impact"},"image":{"@id":"https:\/\/we4impact.com\/#\/schema\/logo\/image\/"},"sameAs":["https:\/\/www.linkedin.com\/company\/we4-impact\/"]}]}},"_links":{"self":[{"href":"https:\/\/we4impact.com\/de\/wp-json\/wp\/v2\/pages\/1971","targetHints":{"allow":["GET"]}}],"collection":[{"href":"https:\/\/we4impact.com\/de\/wp-json\/wp\/v2\/pages"}],"about":[{"href":"https:\/\/we4impact.com\/de\/wp-json\/wp\/v2\/types\/page"}],"author":[{"embeddable":true,"href":"https:\/\/we4impact.com\/de\/wp-json\/wp\/v2\/users\/1"}],"replies":[{"embeddable":true,"href":"https:\/\/we4impact.com\/de\/wp-json\/wp\/v2\/comments?post=1971"}],"version-history":[{"count":0,"href":"https:\/\/we4impact.com\/de\/wp-json\/wp\/v2\/pages\/1971\/revisions"}],"wp:attachment":[{"href":"https:\/\/we4impact.com\/de\/wp-json\/wp\/v2\/media?parent=1971"}],"curies":[{"name":"wp","href":"https:\/\/api.w.org\/{rel}","templated":true}]}}